{"id":10273,"date":"2023-07-11T14:03:22","date_gmt":"2023-07-11T12:03:22","guid":{"rendered":"https:\/\/chiccodoro.com\/bureau\/"},"modified":"2026-01-22T10:18:00","modified_gmt":"2026-01-22T09:18:00","slug":"bureau","status":"publish","type":"page","link":"https:\/\/chiccodoro.com\/fr\/bureau\/","title":{"rendered":"Bureau"},"content":{"rendered":"\t\t<div data-elementor-type=\"wp-page\" data-elementor-id=\"10273\" class=\"elementor elementor-10273 elementor-3079\" data-elementor-post-type=\"page\">\n\t\t\t\t<div class=\"elementor-element elementor-element-216d49b e-flex e-con-boxed e-con e-parent\" data-id=\"216d49b\" data-element_type=\"container\" data-e-type=\"container\" data-settings=\"{&quot;background_background&quot;:&quot;classic&quot;,&quot;shape_divider_bottom&quot;:&quot;waves&quot;}\">\n\t\t\t\t\t<div class=\"e-con-inner\">\n\t\t\t\t<div class=\"elementor-shape elementor-shape-bottom\" aria-hidden=\"true\" data-negative=\"false\">\n\t\t\t<svg xmlns=\"http:\/\/www.w3.org\/2000\/svg\" viewBox=\"0 0 1000 100\" preserveAspectRatio=\"none\">\n\t<path class=\"elementor-shape-fill\" d=\"M421.9,6.5c22.6-2.5,51.5,0.4,75.5,5.3c23.6,4.9,70.9,23.5,100.5,35.7c75.8,32.2,133.7,44.5,192.6,49.7\n\tc23.6,2.1,48.7,3.5,103.4-2.5c54.7-6,106.2-25.6,106.2-25.6V0H0v30.3c0,0,72,32.6,158.4,30.5c39.2-0.7,92.8-6.7,134-22.4\n\tc21.2-8.1,52.2-18.2,79.7-24.2C399.3,7.9,411.6,7.5,421.9,6.5z\"\/>\n<\/svg>\t\t<\/div>\n\t\t<div class=\"elementor-element elementor-element-b266884 e-con-full e-flex e-con e-child\" data-id=\"b266884\" data-element_type=\"container\" data-e-type=\"container\">\n\t\t\t\t<div class=\"elementor-element elementor-element-856b122 elementor-widget elementor-widget-heading\" data-id=\"856b122\" data-element_type=\"widget\" data-e-type=\"widget\" data-widget_type=\"heading.default\">\n\t\t\t\t\t<h2 class=\"elementor-heading-title elementor-size-default\">Bureau<\/h2>\t\t\t\t<\/div>\n\t\t\t\t<div class=\"elementor-element elementor-element-f164bb8 elementor-widget elementor-widget-heading\" data-id=\"f164bb8\" data-element_type=\"widget\" data-e-type=\"widget\" data-widget_type=\"heading.default\">\n\t\t\t\t\t<h2 class=\"elementor-heading-title elementor-size-default\">Un seul grain, mille possibilit\u00e9s.<\/h2>\t\t\t\t<\/div>\n\t\t\t\t<\/div>\n\t\t\t\t\t<\/div>\n\t\t\t\t<\/div>\n\t\t<div class=\"elementor-element elementor-element-b973ec5 e-flex e-con-boxed e-con e-parent\" data-id=\"b973ec5\" data-element_type=\"container\" data-e-type=\"container\" data-settings=\"{&quot;background_background&quot;:&quot;classic&quot;}\">\n\t\t\t\t\t<div class=\"e-con-inner\">\n\t\t<div class=\"elementor-element elementor-element-e78702b e-con-full e-flex e-con e-child\" data-id=\"e78702b\" data-element_type=\"container\" data-e-type=\"container\">\n\t\t\t\t<div class=\"elementor-element elementor-element-2ed178c elementor-widget elementor-widget-heading\" data-id=\"2ed178c\" data-element_type=\"widget\" data-e-type=\"widget\" data-widget_type=\"heading.default\">\n\t\t\t\t\t<h2 class=\"elementor-heading-title elementor-size-default\">Votre bureau, notre caf\u00e9<\/h2>\t\t\t\t<\/div>\n\t\t\t\t<div class=\"elementor-element elementor-element-6b54d05 elementor-widget elementor-widget-heading\" data-id=\"6b54d05\" data-element_type=\"widget\" data-e-type=\"widget\" data-widget_type=\"heading.default\">\n\t\t\t\t\t<h2 class=\"elementor-heading-title elementor-size-default\">Cr\u00e9ons ensemble l'exp\u00e9rience caf\u00e9 parfaite pour votre entreprise.<\/h2>\t\t\t\t<\/div>\n\t\t\t\t<div class=\"elementor-element elementor-element-d598136 elementor-widget elementor-widget-text-editor\" data-id=\"d598136\" data-element_type=\"widget\" data-e-type=\"widget\" data-widget_type=\"text-editor.default\">\n\t\t\t\t\t\t\t\t\tChaque bureau a son propre rythme, sa propre \u00e9nergie, sa propre histoire. Nous de Caff\u00e8 Chicco d\u2019Oro ne nous contentons pas de fournir du caf\u00e9 : nous nous immergeons dans votre monde. Depuis des ann\u00e9es, nous sommes activement pr\u00e9sents dans le secteur des bureaux dans toute la Suisse, apportant avec nous une r\u00e9putation d\u2019excellence et de d\u00e9vouement.  \n\nQue vous ayez une petite \u00e9quipe ou plusieurs sites en pleine expansion, nous nous asseyons avec vous, nous vous \u00e9coutons et nous \u00e9valuons. Notre mission est de trouver la solution de caf\u00e9 qui correspond \u00e0 votre entreprise. \n\nParce qu&rsquo;un bon caf\u00e9 n&rsquo;est pas seulement une pause, c&rsquo;est une exp\u00e9rience. Et nous voulons qu&rsquo;elle soit parfaite pour vous. \t\t\t\t\t\t\t\t<\/div>\n\t\t\t\t<\/div>\n\t\t<div class=\"elementor-element elementor-element-c3096df e-con-full elementor-hidden-tablet elementor-hidden-mobile e-flex e-con e-child\" data-id=\"c3096df\" data-element_type=\"container\" data-e-type=\"container\" data-settings=\"{&quot;background_background&quot;:&quot;classic&quot;,&quot;background_motion_fx_motion_fx_scrolling&quot;:&quot;yes&quot;,&quot;background_motion_fx_scale_effect&quot;:&quot;yes&quot;,&quot;background_motion_fx_scale_speed&quot;:{&quot;unit&quot;:&quot;px&quot;,&quot;size&quot;:2,&quot;sizes&quot;:[]},&quot;background_motion_fx_scale_range&quot;:{&quot;unit&quot;:&quot;%&quot;,&quot;size&quot;:&quot;&quot;,&quot;sizes&quot;:{&quot;start&quot;:20,&quot;end&quot;:100}},&quot;background_motion_fx_scale_direction&quot;:&quot;out-in&quot;,&quot;background_motion_fx_devices&quot;:[&quot;desktop&quot;,&quot;laptop&quot;,&quot;tablet_extra&quot;,&quot;tablet&quot;,&quot;mobile&quot;]}\">\n\t\t\t\t<div class=\"elementor-element elementor-element-06838cd rotate elementor-hidden-tablet elementor-hidden-mobile elementor-widget elementor-widget-image\" data-id=\"06838cd\" data-element_type=\"widget\" data-e-type=\"widget\" data-widget_type=\"image.default\">\n\t\t\t\t\t\t\t\t\t\t\t\t\t\t\t<img decoding=\"async\" width=\"131\" height=\"131\" src=\"https:\/\/chiccodoro.com\/wp-content\/uploads\/2023\/08\/office_rotate.svg\" class=\"attachment-large size-large wp-image-10278\" alt=\"\" \/>\t\t\t\t\t\t\t\t\t\t\t\t\t\t\t<\/div>\n\t\t\t\t<\/div>\n\t\t\t\t\t<\/div>\n\t\t\t\t<\/div>\n\t\t<div class=\"elementor-element elementor-element-dd08997 e-flex e-con-boxed e-con e-parent\" data-id=\"dd08997\" data-element_type=\"container\" data-e-type=\"container\" data-settings=\"{&quot;background_background&quot;:&quot;gradient&quot;}\">\n\t\t\t\t\t<div class=\"e-con-inner\">\n\t\t<div class=\"elementor-element elementor-element-f16a3e1 e-con-full e-flex e-con e-child\" data-id=\"f16a3e1\" data-element_type=\"container\" data-e-type=\"container\" data-settings=\"{&quot;background_background&quot;:&quot;classic&quot;}\">\n\t\t<div class=\"elementor-element elementor-element-5369b8f e-con-full e-flex e-con e-child\" data-id=\"5369b8f\" data-element_type=\"container\" data-e-type=\"container\">\n\t\t\t\t<div class=\"elementor-element elementor-element-5f0857f elementor-widget elementor-widget-heading\" data-id=\"5f0857f\" data-element_type=\"widget\" data-e-type=\"widget\" data-widget_type=\"heading.default\">\n\t\t\t\t\t<h2 class=\"elementor-heading-title elementor-size-default\">\u00c0 chaque bureau la solution id\u00e9ale<\/h2>\t\t\t\t<\/div>\n\t\t\t\t<div class=\"elementor-element elementor-element-4a0c228 elementor-widget elementor-widget-text-editor\" data-id=\"4a0c228\" data-element_type=\"widget\" data-e-type=\"widget\" data-widget_type=\"text-editor.default\">\n\t\t\t\t\t\t\t\t\t<p>Remplissez le formulaire, vous serez contact\u00e9 dans les plus brefs d\u00e9lais avec la meilleure solution \u00e0 installer dans votre bureau.&nbsp;<\/p>\n<p>Faites de chaque tasse de caf\u00e9 une exp\u00e9rience unique, personnalis\u00e9e sp\u00e9cialement pour vous.<\/p>\n<p>Qui a dit qu&rsquo;un bureau ne pouvait pas avoir un excellent caf\u00e9?<\/p>\t\t\t\t\t\t\t\t<\/div>\n\t\t\t\t<\/div>\n\t\t<div class=\"elementor-element elementor-element-d42e898 e-flex e-con-boxed e-con e-child\" data-id=\"d42e898\" data-element_type=\"container\" data-e-type=\"container\">\n\t\t\t\t\t<div class=\"e-con-inner\">\n\t\t\t\t<div class=\"elementor-element elementor-element-a861026 elementor-button-align-stretch elementor-widget elementor-widget-form\" data-id=\"a861026\" data-element_type=\"widget\" data-e-type=\"widget\" data-settings=\"{&quot;step_next_label&quot;:&quot;En avant&quot;,&quot;step_previous_label&quot;:&quot;Retour&quot;,&quot;step_type&quot;:&quot;number&quot;,&quot;button_width&quot;:&quot;100&quot;,&quot;step_icon_shape&quot;:&quot;circle&quot;}\" data-widget_type=\"form.default\">\n\t\t\t\t\t\t\t<form class=\"elementor-form\" method=\"post\" name=\"Office - CdO - FR\" aria-label=\"Office - CdO - FR\">\n\t\t\t<input type=\"hidden\" name=\"post_id\" value=\"10273\"\/>\n\t\t\t<input type=\"hidden\" name=\"form_id\" value=\"a861026\"\/>\n\t\t\t<input type=\"hidden\" name=\"referer_title\" value=\"Caf\u00e9 Chicco d&#039;Oro pour le bureau - Caff\u00e8 Chicco d&#039;Oro\" \/>\n\n\t\t\t\t\t\t\t<input type=\"hidden\" name=\"queried_id\" value=\"10273\"\/>\n\t\t\t\n\t\t\t<div class=\"elementor-form-fields-wrapper elementor-labels-above\">\n\t\t\t\t\t\t\t\t<div class=\"elementor-field-type-step elementor-field-group elementor-column elementor-field-group-field_bc2ad84 elementor-col-100\">\n\t\t\t\t\t\t\t<div class=\"e-field-step elementor-hidden\" data-label=\"\" data-previousButton=\"\" data-nextButton=\"\" data-iconUrl=\"\" data-iconLibrary=\"fas fa-star\" data-icon=\"\" ><\/div>\n\n\t\t\t\t\t\t<\/div>\n\t\t\t\t\t\t\t\t<div class=\"elementor-field-type-text elementor-field-group elementor-column elementor-field-group-nome_azienda elementor-col-100 elementor-field-required elementor-mark-required\">\n\t\t\t\t\t\t\t\t\t\t\t\t\t<input size=\"1\" type=\"text\" name=\"form_fields[nome_azienda]\" id=\"form-field-nome_azienda\" class=\"elementor-field elementor-size-md  elementor-field-textual\" placeholder=\"Nom de l&#039;entreprise&lt;br&gt;&lt;br&gt;&lt;br&gt;\" required=\"required\">\n\t\t\t\t\t\t\t\t\t\t\t<\/div>\n\t\t\t\t\t\t\t\t<div class=\"elementor-field-type-text elementor-field-group elementor-column elementor-field-group-field_3e1a562 elementor-col-100 elementor-field-required elementor-mark-required\">\n\t\t\t\t\t\t\t\t\t\t\t\t\t<input size=\"1\" type=\"text\" name=\"form_fields[field_3e1a562]\" id=\"form-field-field_3e1a562\" class=\"elementor-field elementor-size-md  elementor-field-textual\" placeholder=\"Pr\u00e9nom\" required=\"required\">\n\t\t\t\t\t\t\t\t\t\t\t<\/div>\n\t\t\t\t\t\t\t\t<div class=\"elementor-field-type-text elementor-field-group elementor-column elementor-field-group-cognome_office elementor-col-100 elementor-field-required elementor-mark-required\">\n\t\t\t\t\t\t\t\t\t\t\t\t\t<input size=\"1\" type=\"text\" name=\"form_fields[cognome_office]\" id=\"form-field-cognome_office\" class=\"elementor-field elementor-size-md  elementor-field-textual\" placeholder=\"Nom de famille\" required=\"required\">\n\t\t\t\t\t\t\t\t\t\t\t<\/div>\n\t\t\t\t\t\t\t\t<div class=\"elementor-field-type-email elementor-field-group elementor-column elementor-field-group-field_a40ecd1 elementor-col-50 elementor-field-required elementor-mark-required\">\n\t\t\t\t\t\t\t\t\t\t\t\t\t<input size=\"1\" type=\"email\" name=\"form_fields[field_a40ecd1]\" id=\"form-field-field_a40ecd1\" class=\"elementor-field elementor-size-md  elementor-field-textual\" placeholder=\"Email\" required=\"required\">\n\t\t\t\t\t\t\t\t\t\t\t<\/div>\n\t\t\t\t\t\t\t\t<div class=\"elementor-field-type-text elementor-field-group elementor-column elementor-field-group-field_649496e elementor-col-50 elementor-field-required elementor-mark-required\">\n\t\t\t\t\t\t\t\t\t\t\t\t\t<input size=\"1\" type=\"text\" name=\"form_fields[field_649496e]\" id=\"form-field-field_649496e\" class=\"elementor-field elementor-size-md  elementor-field-textual\" placeholder=\"Num\u00e9ro t\u00e9l.\" required=\"required\">\n\t\t\t\t\t\t\t\t\t\t\t<\/div>\n\t\t\t\t\t\t\t\t<div class=\"elementor-field-type-step elementor-field-group elementor-column elementor-field-group-message elementor-col-100\">\n\t\t\t\t\t\t\t<div class=\"e-field-step elementor-hidden\" data-label=\"\" data-previousButton=\"\" data-nextButton=\"\" data-iconUrl=\"\" data-iconLibrary=\"fas fa-star\" data-icon=\"\" ><\/div>\n\n\t\t\t\t\t\t<\/div>\n\t\t\t\t\t\t\t\t<div class=\"elementor-field-type-text elementor-field-group elementor-column elementor-field-group-field_5c61cd3 elementor-col-50\">\n\t\t\t\t\t\t\t\t\t\t\t\t\t<input size=\"1\" type=\"text\" name=\"form_fields[field_5c61cd3]\" id=\"form-field-field_5c61cd3\" class=\"elementor-field elementor-size-md  elementor-field-textual\" placeholder=\"Rue\">\n\t\t\t\t\t\t\t\t\t\t\t<\/div>\n\t\t\t\t\t\t\t\t<div class=\"elementor-field-type-text elementor-field-group elementor-column elementor-field-group-field_ee660e1 elementor-col-50 elementor-field-required elementor-mark-required\">\n\t\t\t\t\t\t\t\t\t\t\t\t\t<input size=\"1\" type=\"text\" name=\"form_fields[field_ee660e1]\" id=\"form-field-field_ee660e1\" class=\"elementor-field elementor-size-md  elementor-field-textual\" placeholder=\"Code postal\" required=\"required\">\n\t\t\t\t\t\t\t\t\t\t\t<\/div>\n\t\t\t\t\t\t\t\t<div class=\"elementor-field-type-text elementor-field-group elementor-column elementor-field-group-field_174f874 elementor-col-100 elementor-field-required elementor-mark-required\">\n\t\t\t\t\t\t\t\t\t\t\t\t\t<input size=\"1\" type=\"text\" name=\"form_fields[field_174f874]\" id=\"form-field-field_174f874\" class=\"elementor-field elementor-size-md  elementor-field-textual\" placeholder=\"Ville\" required=\"required\">\n\t\t\t\t\t\t\t\t\t\t\t<\/div>\n\t\t\t\t\t\t\t\t<div class=\"elementor-field-type-step elementor-field-group elementor-column elementor-field-group-field_b39398e elementor-col-100\">\n\t\t\t\t\t\t\t<div class=\"e-field-step elementor-hidden\" data-label=\"\" data-previousButton=\"\" data-nextButton=\"\" data-iconUrl=\"\" data-iconLibrary=\"fas fa-star\" data-icon=\"\" ><\/div>\n\n\t\t\t\t\t\t<\/div>\n\t\t\t\t\t\t\t\t<div class=\"elementor-field-type-text\">\n\t\t\t\t\t<input size=\"1\" type=\"text\" name=\"form_fields[field_561e8d2]\" id=\"form-field-field_561e8d2\" class=\"elementor-field elementor-size-md \" style=\"display:none !important;\">\t\t\t\t<\/div>\n\t\t\t\t\t\t\t\t<div class=\"elementor-field-type-select elementor-field-group elementor-column elementor-field-group-field_e880015 elementor-col-100 elementor-field-required elementor-mark-required\">\n\t\t\t\t\t\t\t\t\t\t\t\t<label for=\"form-field-field_e880015\" class=\"elementor-field-label\">\n\t\t\t\t\t\t\t\tNombre d'employ\u00e9s\t\t\t\t\t\t\t<\/label>\n\t\t\t\t\t\t\t\t<div class=\"elementor-field elementor-select-wrapper remove-before \">\n\t\t\t<div class=\"select-caret-down-wrapper\">\n\t\t\t\t<i aria-hidden=\"true\" class=\"eicon-caret-down\"><\/i>\t\t\t<\/div>\n\t\t\t<select name=\"form_fields[field_e880015]\" id=\"form-field-field_e880015\" class=\"elementor-field-textual elementor-size-md\" required=\"required\">\n\t\t\t\t\t\t\t\t\t<option value=\"De 1 \u00e0 20\">De 1 \u00e0 20<\/option>\n\t\t\t\t\t\t\t\t\t<option value=\"de 20 \u00e0 50 \">de 20 \u00e0 50 <\/option>\n\t\t\t\t\t\t\t\t\t<option value=\"plus de 50\">plus de 50<\/option>\n\t\t\t\t\t\t\t<\/select>\n\t\t<\/div>\n\t\t\t\t\t\t<\/div>\n\t\t\t\t\t\t\t\t<div class=\"elementor-field-type-textarea elementor-field-group elementor-column elementor-field-group-field_cb47ed8 elementor-col-100\">\n\t\t\t\t\t<textarea class=\"elementor-field-textual elementor-field  elementor-size-md\" name=\"form_fields[field_cb47ed8]\" id=\"form-field-field_cb47ed8\" rows=\"4\" placeholder=\"Note\"><\/textarea>\t\t\t\t<\/div>\n\t\t\t\t\t\t\t\t<div class=\"elementor-field-type-recaptcha_v3 elementor-field-group elementor-column elementor-field-group-field_92dde2d elementor-col-100 recaptcha_v3-bottomright\">\n\t\t\t\t\t<div class=\"elementor-field\" id=\"form-field-field_92dde2d\"><div class=\"elementor-g-recaptcha\" data-sitekey=\"6LfIZ-QqAAAAAL90Am0PQhruPa6mT8sitaI_gWUI\" data-type=\"v3\" data-action=\"Form\" data-badge=\"bottomright\" data-size=\"invisible\"><\/div><\/div>\t\t\t\t<\/div>\n\t\t\t\t\t\t\t\t<div class=\"elementor-field-group elementor-column elementor-field-type-submit elementor-col-100 e-form__buttons\">\n\t\t\t\t\t<button class=\"elementor-button elementor-size-md\" type=\"submit\">\n\t\t\t\t\t\t<span class=\"elementor-button-content-wrapper\">\n\t\t\t\t\t\t\t\t\t\t\t\t\t\t\t<span class=\"elementor-button-icon\">\n\t\t\t\t\t\t\t\t\t<svg xmlns=\"http:\/\/www.w3.org\/2000\/svg\" id=\"uuid-94e85d26-9f35-4980-a06c-ed3b9907e9de\" width=\"21.15\" height=\"25.78\" viewBox=\"0 0 21.15 25.78\"><g id=\"uuid-0c3f740c-30a5-4679-b5ea-81f75ac791dd\"><g><path d=\"M4.48,.49c1.87-.8,3.73-.52,5.54,.14,7.02,2.58,12.27,11.72,10.92,19.09-.23,1.28-.9,2.49-1.62,3.72-1.48-4.96-5.07-8.12-8.56-11.36-2.96-2.76-5.15-6.01-6.13-9.99-.09-.36-.17-.72-.23-1.08-.02-.15,.04-.31,.08-.51Z\" fill=\"#2a1407\"><\/path><path d=\"M16.99,25.26c-2.59,.9-4.79,.55-6.89-.49C3.81,21.66-.52,14.2,.05,7.2c.13-1.62,.87-3.18,1.33-4.77,.17,.02,.33,.04,.5,.06,.12,.25,.29,.48,.36,.74,1.26,4.47,3.84,8.07,7.22,11.17,2.38,2.18,4.84,4.31,6.21,7.33,.49,1.09,.84,2.25,1.32,3.53Z\" fill=\"#2a1407\"><\/path><\/g><\/g><\/svg>\t\t\t\t\t\t\t\t\t\t\t\t\t\t\t\t\t<\/span>\n\t\t\t\t\t\t\t\t\t\t\t\t\t\t\t\t\t\t\t\t\t\t<span class=\"elementor-button-text\">Envoyer<\/span>\n\t\t\t\t\t\t\t\t\t\t\t\t\t<\/span>\n\t\t\t\t\t<\/button>\n\t\t\t\t<\/div>\n\t\t\t<\/div>\n\t\t<\/form>\n\t\t\t\t\t\t<\/div>\n\t\t\t\t<div class=\"elementor-element elementor-element-46c7144 elementor-widget elementor-widget-text-editor\" data-id=\"46c7144\" data-element_type=\"widget\" data-e-type=\"widget\" data-widget_type=\"text-editor.default\">\n\t\t\t\t\t\t\t\t\t<div style=\"font-size: 0.8rem; line-height: 1.2; color: #483017; text-align: center; padding: 0 1em;\">\nCe site est prot\u00e9g\u00e9 par reCAPTCHA et les<a style=\"color: #483017;\" href=\"https:\/\/policies.google.com\/privacy\" target=\"_blank\" rel=\"noopener\">r\u00e8gles de confidentialit\u00e9 de<\/a> Google\n\net les<a style=\"color: #483017;\" href=\"https:\/\/policies.google.com\/terms\" target=\"_blank\" rel=\"noopener\">conditions d&rsquo;utilisation de<\/a>\n\ns&rsquo;appliquent.<\/div>\t\t\t\t\t\t\t\t<\/div>\n\t\t\t\t\t<\/div>\n\t\t\t\t<\/div>\n\t\t\t\t<\/div>\n\t\t\t\t\t<\/div>\n\t\t\t\t<\/div>\n\t\t<div class=\"elementor-element elementor-element-fd477cd e-flex e-con-boxed e-con e-parent\" data-id=\"fd477cd\" data-element_type=\"container\" data-e-type=\"container\" data-settings=\"{&quot;background_background&quot;:&quot;classic&quot;}\">\n\t\t\t\t\t<div class=\"e-con-inner\">\n\t\t\t\t<div class=\"elementor-element elementor-element-21e4f32 elementor-widget elementor-widget-image\" data-id=\"21e4f32\" data-element_type=\"widget\" data-e-type=\"widget\" data-widget_type=\"image.default\">\n\t\t\t\t\t\t\t\t\t\t\t\t\t\t\t<img fetchpriority=\"high\" decoding=\"async\" width=\"400\" height=\"195\" src=\"https:\/\/chiccodoro.com\/wp-content\/uploads\/2023\/08\/caffitaly.png\" class=\"attachment-large size-large wp-image-10275\" alt=\"\" srcset=\"https:\/\/chiccodoro.com\/wp-content\/uploads\/2023\/08\/caffitaly.png 400w, https:\/\/chiccodoro.com\/wp-content\/uploads\/2023\/08\/caffitaly-300x146.png 300w\" sizes=\"(max-width: 400px) 100vw, 400px\" \/>\t\t\t\t\t\t\t\t\t\t\t\t\t\t\t<\/div>\n\t\t\t\t<div class=\"elementor-element elementor-element-b2fdeb9 elementor-widget elementor-widget-image\" data-id=\"b2fdeb9\" data-element_type=\"widget\" data-e-type=\"widget\" data-widget_type=\"image.default\">\n\t\t\t\t\t\t\t\t\t\t\t\t\t\t\t<img decoding=\"async\" width=\"800\" height=\"354\" src=\"https:\/\/chiccodoro.com\/wp-content\/uploads\/2023\/08\/jura-vector-logo-1024x453.png\" class=\"attachment-large size-large wp-image-10276\" alt=\"\" srcset=\"https:\/\/chiccodoro.com\/wp-content\/uploads\/2023\/08\/jura-vector-logo-1024x453.png 1024w, https:\/\/chiccodoro.com\/wp-content\/uploads\/2023\/08\/jura-vector-logo-300x133.png 300w, https:\/\/chiccodoro.com\/wp-content\/uploads\/2023\/08\/jura-vector-logo-768x339.png 768w, https:\/\/chiccodoro.com\/wp-content\/uploads\/2023\/08\/jura-vector-logo-1536x679.png 1536w, https:\/\/chiccodoro.com\/wp-content\/uploads\/2023\/08\/jura-vector-logo-2048x905.png 2048w\" sizes=\"(max-width: 800px) 100vw, 800px\" \/>\t\t\t\t\t\t\t\t\t\t\t\t\t\t\t<\/div>\n\t\t\t\t<div class=\"elementor-element elementor-element-b3288fd elementor-widget elementor-widget-image\" data-id=\"b3288fd\" data-element_type=\"widget\" data-e-type=\"widget\" data-widget_type=\"image.default\">\n\t\t\t\t\t\t\t\t\t\t\t\t\t\t\t<img loading=\"lazy\" decoding=\"async\" width=\"400\" height=\"121\" src=\"https:\/\/chiccodoro.com\/wp-content\/uploads\/2023\/08\/logo-spinel-bianco.png\" class=\"attachment-large size-large wp-image-10277\" alt=\"\" srcset=\"https:\/\/chiccodoro.com\/wp-content\/uploads\/2023\/08\/logo-spinel-bianco.png 400w, https:\/\/chiccodoro.com\/wp-content\/uploads\/2023\/08\/logo-spinel-bianco-300x91.png 300w\" sizes=\"(max-width: 400px) 100vw, 400px\" \/>\t\t\t\t\t\t\t\t\t\t\t\t\t\t\t<\/div>\n\t\t\t\t\t<\/div>\n\t\t\t\t<\/div>\n\t\t\t\t<\/div>\n\t\t","protected":false},"excerpt":{"rendered":"<p>Bureau Un seul grain, mille possibilit\u00e9s. Votre bureau, notre caf\u00e9 Cr\u00e9ons ensemble l&rsquo;exp\u00e9rience caf\u00e9 parfaite pour votre entreprise. Chaque bureau a son propre rythme, sa propre \u00e9nergie, sa propre histoire. Nous de Caff\u00e8 Chicco d\u2019Oro ne nous contentons pas de fournir du caf\u00e9 : nous nous immergeons dans votre monde. Depuis des ann\u00e9es, nous sommes [&hellip;]<\/p>\n","protected":false},"author":2,"featured_media":10274,"parent":0,"menu_order":28,"comment_status":"closed","ping_status":"closed","template":"","meta":{"footnotes":""},"class_list":["post-10273","page","type-page","status-publish","has-post-thumbnail","hentry"],"_links":{"self":[{"href":"https:\/\/chiccodoro.com\/fr\/wp-json\/wp\/v2\/pages\/10273","targetHints":{"allow":["GET"]}}],"collection":[{"href":"https:\/\/chiccodoro.com\/fr\/wp-json\/wp\/v2\/pages"}],"about":[{"href":"https:\/\/chiccodoro.com\/fr\/wp-json\/wp\/v2\/types\/page"}],"author":[{"embeddable":true,"href":"https:\/\/chiccodoro.com\/fr\/wp-json\/wp\/v2\/users\/2"}],"replies":[{"embeddable":true,"href":"https:\/\/chiccodoro.com\/fr\/wp-json\/wp\/v2\/comments?post=10273"}],"version-history":[{"count":0,"href":"https:\/\/chiccodoro.com\/fr\/wp-json\/wp\/v2\/pages\/10273\/revisions"}],"wp:featuredmedia":[{"embeddable":true,"href":"https:\/\/chiccodoro.com\/fr\/wp-json\/wp\/v2\/media\/10274"}],"wp:attachment":[{"href":"https:\/\/chiccodoro.com\/fr\/wp-json\/wp\/v2\/media?parent=10273"}],"curies":[{"name":"wp","href":"https:\/\/api.w.org\/{rel}","templated":true}]}}