{"id":10255,"date":"2023-07-11T14:03:43","date_gmt":"2023-07-11T12:03:43","guid":{"rendered":"https:\/\/chiccodoro.com\/vending\/"},"modified":"2025-03-10T17:10:22","modified_gmt":"2025-03-10T16:10:22","slug":"vending","status":"publish","type":"page","link":"https:\/\/chiccodoro.com\/fr\/vending\/","title":{"rendered":"Vending"},"content":{"rendered":"\t\t<div data-elementor-type=\"wp-page\" data-elementor-id=\"10255\" class=\"elementor elementor-10255 elementor-3084\" data-elementor-post-type=\"page\">\n\t\t\t\t<div class=\"elementor-element elementor-element-64c5fd5 e-flex e-con-boxed e-con e-parent\" data-id=\"64c5fd5\" data-element_type=\"container\" data-e-type=\"container\" data-settings=\"{&quot;background_background&quot;:&quot;classic&quot;,&quot;shape_divider_bottom&quot;:&quot;waves&quot;}\">\n\t\t\t\t\t<div class=\"e-con-inner\">\n\t\t\t\t<div class=\"elementor-shape elementor-shape-bottom\" aria-hidden=\"true\" data-negative=\"false\">\n\t\t\t<svg xmlns=\"http:\/\/www.w3.org\/2000\/svg\" viewBox=\"0 0 1000 100\" preserveAspectRatio=\"none\">\n\t<path class=\"elementor-shape-fill\" d=\"M421.9,6.5c22.6-2.5,51.5,0.4,75.5,5.3c23.6,4.9,70.9,23.5,100.5,35.7c75.8,32.2,133.7,44.5,192.6,49.7\n\tc23.6,2.1,48.7,3.5,103.4-2.5c54.7-6,106.2-25.6,106.2-25.6V0H0v30.3c0,0,72,32.6,158.4,30.5c39.2-0.7,92.8-6.7,134-22.4\n\tc21.2-8.1,52.2-18.2,79.7-24.2C399.3,7.9,411.6,7.5,421.9,6.5z\"\/>\n<\/svg>\t\t<\/div>\n\t\t<div class=\"elementor-element elementor-element-0f0dafa e-con-full e-flex e-con e-child\" data-id=\"0f0dafa\" data-element_type=\"container\" data-e-type=\"container\">\n\t\t\t\t<div class=\"elementor-element elementor-element-673c581 elementor-widget elementor-widget-heading\" data-id=\"673c581\" data-element_type=\"widget\" data-e-type=\"widget\" data-widget_type=\"heading.default\">\n\t\t\t\t\t<h2 class=\"elementor-heading-title elementor-size-default\">Vending<\/h2>\t\t\t\t<\/div>\n\t\t\t\t<div class=\"elementor-element elementor-element-14a3f6f elementor-widget elementor-widget-heading\" data-id=\"14a3f6f\" data-element_type=\"widget\" data-e-type=\"widget\" data-widget_type=\"heading.default\">\n\t\t\t\t\t<h2 class=\"elementor-heading-title elementor-size-default\">Notre r\u00e9seau de collaborations dans le vending<\/h2>\t\t\t\t<\/div>\n\t\t\t\t<\/div>\n\t\t\t\t\t<\/div>\n\t\t\t\t<\/div>\n\t\t<div class=\"elementor-element elementor-element-fec1a5c e-flex e-con-boxed e-con e-parent\" data-id=\"fec1a5c\" data-element_type=\"container\" data-e-type=\"container\" data-settings=\"{&quot;background_background&quot;:&quot;gradient&quot;}\">\n\t\t\t\t\t<div class=\"e-con-inner\">\n\t\t\t\t<div class=\"elementor-element elementor-element-73f3569 elementor-widget elementor-widget-heading\" data-id=\"73f3569\" data-element_type=\"widget\" data-e-type=\"widget\" data-widget_type=\"heading.default\">\n\t\t\t\t\t<h2 class=\"elementor-heading-title elementor-size-default\">Apportez l'or dans votre espace<\/h2>\t\t\t\t<\/div>\n\t\t\t\t<div class=\"elementor-element elementor-element-95c1a24 elementor-widget__width-initial elementor-widget elementor-widget-text-editor\" data-id=\"95c1a24\" data-element_type=\"widget\" data-e-type=\"widget\" data-widget_type=\"text-editor.default\">\n\t\t\t\t\t\t\t\t\t<p>Nous avons l&rsquo;honneur et le privil\u00e8ge de collaborer avec un large \u00e9ventail d&rsquo;entreprises, tant au niveau national que local, dans le secteur du vending. Ces collaborations nous permettent de garantir que la qualit\u00e9 de nos produits atteigne chaque coin du pays.<\/p>\n<p>Si vous \u00eates int\u00e9ress\u00e9 \u00e0 d\u00e9couvrir comment consommer nos produits gr\u00e2ce \u00e0 ces partenariats fantastiques, nous vous invitons \u00e0 contacter directement votre fournisseur de confiance.<\/p>\n<p>Ils seront ravis de partager avec vous toutes les conditions et les d\u00e9tails pour amener nos produits directement dans votre espace gr\u00e2ce \u00e0 leur collaboration avec nous.<\/p>\n\t\t\t\t\t\t\t\t<\/div>\n\t\t\t\t<div class=\"elementor-element elementor-element-090e9da elementor-widget elementor-widget-button\" data-id=\"090e9da\" data-element_type=\"widget\" data-e-type=\"widget\" data-widget_type=\"button.default\">\n\t\t\t\t\t\t\t\t\t\t<a class=\"elementor-button elementor-button-link elementor-size-sm\" href=\"https:\/\/chiccodoro.com\/fr\/contacts\/\">\n\t\t\t\t\t\t<span class=\"elementor-button-content-wrapper\">\n\t\t\t\t\t\t\t\t\t<span class=\"elementor-button-text\">Contacts<\/span>\n\t\t\t\t\t<\/span>\n\t\t\t\t\t<\/a>\n\t\t\t\t\t\t\t\t<\/div>\n\t\t\t\t\t<\/div>\n\t\t\t\t<\/div>\n\t\t\t\t<\/div>\n\t\t","protected":false},"excerpt":{"rendered":"<p>Vending Notre r\u00e9seau de collaborations dans le vending Apportez l&rsquo;or dans votre espace Nous avons l&rsquo;honneur et le privil\u00e8ge de collaborer avec un large \u00e9ventail d&rsquo;entreprises, tant au niveau national que local, dans le secteur du vending. Ces collaborations nous permettent de garantir que la qualit\u00e9 de nos produits atteigne chaque coin du pays. Si [&hellip;]<\/p>\n","protected":false},"author":2,"featured_media":10265,"parent":0,"menu_order":66,"comment_status":"closed","ping_status":"closed","template":"","meta":{"footnotes":""},"class_list":["post-10255","page","type-page","status-publish","has-post-thumbnail","hentry"],"_links":{"self":[{"href":"https:\/\/chiccodoro.com\/fr\/wp-json\/wp\/v2\/pages\/10255","targetHints":{"allow":["GET"]}}],"collection":[{"href":"https:\/\/chiccodoro.com\/fr\/wp-json\/wp\/v2\/pages"}],"about":[{"href":"https:\/\/chiccodoro.com\/fr\/wp-json\/wp\/v2\/types\/page"}],"author":[{"embeddable":true,"href":"https:\/\/chiccodoro.com\/fr\/wp-json\/wp\/v2\/users\/2"}],"replies":[{"embeddable":true,"href":"https:\/\/chiccodoro.com\/fr\/wp-json\/wp\/v2\/comments?post=10255"}],"version-history":[{"count":0,"href":"https:\/\/chiccodoro.com\/fr\/wp-json\/wp\/v2\/pages\/10255\/revisions"}],"wp:featuredmedia":[{"embeddable":true,"href":"https:\/\/chiccodoro.com\/fr\/wp-json\/wp\/v2\/media\/10265"}],"wp:attachment":[{"href":"https:\/\/chiccodoro.com\/fr\/wp-json\/wp\/v2\/media?parent=10255"}],"curies":[{"name":"wp","href":"https:\/\/api.w.org\/{rel}","templated":true}]}}