{"id":10179,"date":"2024-07-19T15:54:52","date_gmt":"2024-07-19T13:54:52","guid":{"rendered":"https:\/\/chiccodoro.com\/barista\/"},"modified":"2025-03-11T11:25:08","modified_gmt":"2025-03-11T10:25:08","slug":"barista","status":"publish","type":"page","link":"https:\/\/chiccodoro.com\/fr\/barista\/","title":{"rendered":"D\u00e9couvrez Barista"},"content":{"rendered":"\t\t<div data-elementor-type=\"wp-page\" data-elementor-id=\"10179\" class=\"elementor elementor-10179 elementor-5911\" data-elementor-post-type=\"page\">\n\t\t\t\t<div class=\"elementor-element elementor-element-ef516c3 e-flex e-con-boxed e-con e-parent\" data-id=\"ef516c3\" data-element_type=\"container\" data-e-type=\"container\" data-settings=\"{&quot;background_background&quot;:&quot;classic&quot;,&quot;shape_divider_bottom&quot;:&quot;waves&quot;}\">\n\t\t\t\t\t<div class=\"e-con-inner\">\n\t\t\t\t<div class=\"elementor-shape elementor-shape-bottom\" aria-hidden=\"true\" data-negative=\"false\">\n\t\t\t<svg xmlns=\"http:\/\/www.w3.org\/2000\/svg\" viewBox=\"0 0 1000 100\" preserveAspectRatio=\"none\">\n\t<path class=\"elementor-shape-fill\" d=\"M421.9,6.5c22.6-2.5,51.5,0.4,75.5,5.3c23.6,4.9,70.9,23.5,100.5,35.7c75.8,32.2,133.7,44.5,192.6,49.7\n\tc23.6,2.1,48.7,3.5,103.4-2.5c54.7-6,106.2-25.6,106.2-25.6V0H0v30.3c0,0,72,32.6,158.4,30.5c39.2-0.7,92.8-6.7,134-22.4\n\tc21.2-8.1,52.2-18.2,79.7-24.2C399.3,7.9,411.6,7.5,421.9,6.5z\"\/>\n<\/svg>\t\t<\/div>\n\t\t<div class=\"elementor-element elementor-element-adc0244 e-con-full e-flex e-con e-child\" data-id=\"adc0244\" data-element_type=\"container\" data-e-type=\"container\">\n\t\t\t\t<div class=\"elementor-element elementor-element-99ff1e9 elementor-widget elementor-widget-heading\" data-id=\"99ff1e9\" data-element_type=\"widget\" data-e-type=\"widget\" data-widget_type=\"heading.default\">\n\t\t\t\t\t<h2 class=\"elementor-heading-title elementor-size-default\">Barista en grains<\/h2>\t\t\t\t<\/div>\n\t\t\t\t<div class=\"elementor-element elementor-element-ea7ab23 elementor-widget elementor-widget-heading\" data-id=\"ea7ab23\" data-element_type=\"widget\" data-e-type=\"widget\" data-widget_type=\"heading.default\">\n\t\t\t\t\t<h2 class=\"elementor-heading-title elementor-size-default\">Barista<\/h2>\t\t\t\t<\/div>\n\t\t\t\t<div class=\"elementor-element elementor-element-ae81e9c elementor-widget elementor-widget-heading\" data-id=\"ae81e9c\" data-element_type=\"widget\" data-e-type=\"widget\" data-widget_type=\"heading.default\">\n\t\t\t\t\t<h2 class=\"elementor-heading-title elementor-size-default\">Le caf\u00e9 \u00e0 la maison comme au caf\u00e9<\/h2>\t\t\t\t<\/div>\n\t\t\t\t<\/div>\n\t\t<div class=\"elementor-element elementor-element-2991641 e-con-full elementor-hidden-mobile e-flex e-con e-child\" data-id=\"2991641\" data-element_type=\"container\" data-e-type=\"container\">\n\t\t\t\t<\/div>\n\t\t\t\t\t<\/div>\n\t\t\t\t<\/div>\n\t\t<div class=\"elementor-element elementor-element-d0a08b3 e-flex e-con-boxed e-con e-parent\" data-id=\"d0a08b3\" data-element_type=\"container\" data-e-type=\"container\" data-settings=\"{&quot;background_background&quot;:&quot;classic&quot;}\">\n\t\t\t\t\t<div class=\"e-con-inner\">\n\t\t<div class=\"elementor-element elementor-element-f66eff0 e-con-full e-flex e-con e-child\" data-id=\"f66eff0\" data-element_type=\"container\" data-e-type=\"container\">\n\t\t\t\t<div class=\"elementor-element elementor-element-ed8540f elementor-absolute elementor-widget elementor-widget-image\" data-id=\"ed8540f\" data-element_type=\"widget\" data-e-type=\"widget\" data-settings=\"{&quot;_position&quot;:&quot;absolute&quot;,&quot;motion_fx_motion_fx_scrolling&quot;:&quot;yes&quot;,&quot;motion_fx_scale_effect&quot;:&quot;yes&quot;,&quot;motion_fx_scale_speed&quot;:{&quot;unit&quot;:&quot;px&quot;,&quot;size&quot;:2,&quot;sizes&quot;:[]},&quot;motion_fx_scale_direction&quot;:&quot;out-in&quot;,&quot;motion_fx_scale_range&quot;:{&quot;unit&quot;:&quot;%&quot;,&quot;size&quot;:&quot;&quot;,&quot;sizes&quot;:{&quot;start&quot;:20,&quot;end&quot;:80}},&quot;motion_fx_devices&quot;:[&quot;desktop&quot;,&quot;laptop&quot;,&quot;tablet_extra&quot;,&quot;tablet&quot;,&quot;mobile&quot;]}\" data-widget_type=\"image.default\">\n\t\t\t\t\t\t\t\t\t\t\t\t\t\t\t<img fetchpriority=\"high\" decoding=\"async\" width=\"800\" height=\"967\" src=\"https:\/\/chiccodoro.com\/wp-content\/uploads\/2023\/04\/AAAAA-847x1024.webp\" class=\"attachment-large size-large wp-image-1611\" alt=\"\" srcset=\"https:\/\/chiccodoro.com\/wp-content\/uploads\/2023\/04\/AAAAA-847x1024.webp 847w, https:\/\/chiccodoro.com\/wp-content\/uploads\/2023\/04\/AAAAA-248x300.webp 248w, https:\/\/chiccodoro.com\/wp-content\/uploads\/2023\/04\/AAAAA-768x928.webp 768w, https:\/\/chiccodoro.com\/wp-content\/uploads\/2023\/04\/AAAAA.webp 969w\" sizes=\"(max-width: 800px) 100vw, 800px\" \/>\t\t\t\t\t\t\t\t\t\t\t\t\t\t\t<\/div>\n\t\t\t\t<div class=\"elementor-element elementor-element-ac802ca e-transform elementor-widget elementor-widget-image\" data-id=\"ac802ca\" data-element_type=\"widget\" data-e-type=\"widget\" data-settings=\"{&quot;_transform_rotateZ_effect&quot;:{&quot;unit&quot;:&quot;px&quot;,&quot;size&quot;:-4,&quot;sizes&quot;:[]},&quot;_transform_rotateZ_effect_laptop&quot;:{&quot;unit&quot;:&quot;deg&quot;,&quot;size&quot;:&quot;&quot;,&quot;sizes&quot;:[]},&quot;_transform_rotateZ_effect_tablet_extra&quot;:{&quot;unit&quot;:&quot;deg&quot;,&quot;size&quot;:&quot;&quot;,&quot;sizes&quot;:[]},&quot;_transform_rotateZ_effect_tablet&quot;:{&quot;unit&quot;:&quot;deg&quot;,&quot;size&quot;:&quot;&quot;,&quot;sizes&quot;:[]},&quot;_transform_rotateZ_effect_mobile&quot;:{&quot;unit&quot;:&quot;deg&quot;,&quot;size&quot;:&quot;&quot;,&quot;sizes&quot;:[]}}\" data-widget_type=\"image.default\">\n\t\t\t\t\t\t\t\t\t\t\t\t\t\t\t<img decoding=\"async\" width=\"400\" height=\"570\" src=\"https:\/\/chiccodoro.com\/wp-content\/uploads\/2023\/08\/co-grani-barista.png\" class=\"elementor-animation-grow-rotate attachment-large size-large wp-image-9938\" alt=\"\" srcset=\"https:\/\/chiccodoro.com\/wp-content\/uploads\/2023\/08\/co-grani-barista.png 400w, https:\/\/chiccodoro.com\/wp-content\/uploads\/2023\/08\/co-grani-barista-211x300.png 211w\" sizes=\"(max-width: 400px) 100vw, 400px\" \/>\t\t\t\t\t\t\t\t\t\t\t\t\t\t\t<\/div>\n\t\t\t\t<\/div>\n\t\t<div class=\"elementor-element elementor-element-5eb45d4 e-con-full e-flex e-con e-child\" data-id=\"5eb45d4\" data-element_type=\"container\" data-e-type=\"container\">\n\t\t\t\t<div class=\"elementor-element elementor-element-27e4814 elementor-widget elementor-widget-image\" data-id=\"27e4814\" data-element_type=\"widget\" data-e-type=\"widget\" data-widget_type=\"image.default\">\n\t\t\t\t\t\t\t\t\t\t\t\t\t\t\t<img decoding=\"async\" width=\"800\" height=\"360\" src=\"https:\/\/chiccodoro.com\/wp-content\/uploads\/2023\/04\/cdo-barista-w.webp\" class=\"attachment-large size-large wp-image-15216\" alt=\"\" srcset=\"https:\/\/chiccodoro.com\/wp-content\/uploads\/2023\/04\/cdo-barista-w.webp 800w, https:\/\/chiccodoro.com\/wp-content\/uploads\/2023\/04\/cdo-barista-w-300x135.webp 300w, https:\/\/chiccodoro.com\/wp-content\/uploads\/2023\/04\/cdo-barista-w-768x346.webp 768w\" sizes=\"(max-width: 800px) 100vw, 800px\" \/>\t\t\t\t\t\t\t\t\t\t\t\t\t\t\t<\/div>\n\t\t\t\t<div class=\"elementor-element elementor-element-eec8481 elementor-widget elementor-widget-text-editor\" data-id=\"eec8481\" data-element_type=\"widget\" data-e-type=\"widget\" data-widget_type=\"text-editor.default\">\n\t\t\t\t\t\t\t\t\t<p>Barista est un caf\u00e9 renomm\u00e9 pour son ar\u00f4me intense et son go\u00fbt vigoureux. La combinaison d&rsquo;excellentes vari\u00e9t\u00e9s de caf\u00e9 et de la torr\u00e9faction traditionnelle, soutenue par des syst\u00e8mes de contr\u00f4le modernes, met en valeur sa saveur et son ar\u00f4me. <\/p>\n\t\t\t\t\t\t\t\t<\/div>\n\t\t\t\t<div class=\"elementor-element elementor-element-2116917 elementor-align-center elementor-widget elementor-widget-button\" data-id=\"2116917\" data-element_type=\"widget\" data-e-type=\"widget\" data-widget_type=\"button.default\">\n\t\t\t\t\t\t\t\t\t\t<a class=\"elementor-button elementor-button-link elementor-size-sm\" href=\"https:\/\/shop.chiccodoro.com\/it-ch\/barista-500g-grana-110693\" target=\"_blank\">\n\t\t\t\t\t\t<span class=\"elementor-button-content-wrapper\">\n\t\t\t\t\t\t\t\t\t<span class=\"elementor-button-text\">Achetez en ligne<\/span>\n\t\t\t\t\t<\/span>\n\t\t\t\t\t<\/a>\n\t\t\t\t\t\t\t\t<\/div>\n\t\t\t\t<\/div>\n\t\t\t\t\t<\/div>\n\t\t\t\t<\/div>\n\t\t<div class=\"elementor-element elementor-element-12f498c e-flex e-con-boxed e-con e-parent\" data-id=\"12f498c\" data-element_type=\"container\" data-e-type=\"container\" data-settings=\"{&quot;background_background&quot;:&quot;classic&quot;,&quot;shape_divider_top&quot;:&quot;waves&quot;}\">\n\t\t\t\t\t<div class=\"e-con-inner\">\n\t\t\t\t<div class=\"elementor-shape elementor-shape-top\" aria-hidden=\"true\" data-negative=\"false\">\n\t\t\t<svg xmlns=\"http:\/\/www.w3.org\/2000\/svg\" viewBox=\"0 0 1000 100\" preserveAspectRatio=\"none\">\n\t<path class=\"elementor-shape-fill\" d=\"M421.9,6.5c22.6-2.5,51.5,0.4,75.5,5.3c23.6,4.9,70.9,23.5,100.5,35.7c75.8,32.2,133.7,44.5,192.6,49.7\n\tc23.6,2.1,48.7,3.5,103.4-2.5c54.7-6,106.2-25.6,106.2-25.6V0H0v30.3c0,0,72,32.6,158.4,30.5c39.2-0.7,92.8-6.7,134-22.4\n\tc21.2-8.1,52.2-18.2,79.7-24.2C399.3,7.9,411.6,7.5,421.9,6.5z\"\/>\n<\/svg>\t\t<\/div>\n\t\t<div class=\"elementor-element elementor-element-8fae188 e-con-full e-flex e-con e-child\" data-id=\"8fae188\" data-element_type=\"container\" data-e-type=\"container\">\n\t\t\t\t<div class=\"elementor-element elementor-element-fc74046 elementor-widget elementor-widget-heading\" data-id=\"fc74046\" data-element_type=\"widget\" data-e-type=\"widget\" data-widget_type=\"heading.default\">\n\t\t\t\t\t<h2 class=\"elementor-heading-title elementor-size-default\">Un voyage entre tradition et innovation<\/h2>\t\t\t\t<\/div>\n\t\t\t\t<div class=\"elementor-element elementor-element-5d13e25 elementor-widget elementor-widget-heading\" data-id=\"5d13e25\" data-element_type=\"widget\" data-e-type=\"widget\" data-widget_type=\"heading.default\">\n\t\t\t\t\t<h2 class=\"elementor-heading-title elementor-size-default\">L'excellence du caf\u00e9 dans chaque tasse<\/h2>\t\t\t\t<\/div>\n\t\t\t\t<div class=\"elementor-element elementor-element-8cb3b05 elementor-widget elementor-widget-text-editor\" data-id=\"8cb3b05\" data-element_type=\"widget\" data-e-type=\"widget\" data-widget_type=\"text-editor.default\">\n\t\t\t\t\t\t\t\t\t<div class=\"flex-shrink-0 flex flex-col relative items-end\">\n<div class=\"pt-0\">\n<div class=\"gizmo-bot-avatar flex h-8 w-8 items-center justify-center overflow-hidden rounded-full\">\n<div class=\"relative p-1 rounded-sm flex items-center justify-center bg-token-main-surface-primary text-token-text-primary h-8 w-8\">\n<div class=\"flex-shrink-0 flex flex-col relative items-end\">\n<div class=\"pt-0\">\n<div class=\"gizmo-bot-avatar flex h-8 w-8 items-center justify-center overflow-hidden rounded-full\">\n<div class=\"relative p-1 rounded-sm flex items-center justify-center bg-token-main-surface-primary text-token-text-primary h-8 w-8\">Chaque tasse de Barista est un voyage sensoriel, gr\u00e2ce au m\u00e9lange de grains s\u00e9lectionn\u00e9s parmi les meilleures cultures. La torr\u00e9faction conf\u00e8re une profondeur de saveur qui, associ\u00e9e \u00e0 une technologie avanc\u00e9e, garantit une qualit\u00e9 constante. <\/div>\n<\/div>\n<\/div>\n<\/div>\n<div class=\"group\/conversation-turn relative flex w-full min-w-0 flex-col agent-turn\">\n<div class=\"flex-col gap-1 md:gap-3\">\n<div class=\"flex flex-grow flex-col max-w-full\">\n<div class=\"min-h-[20px] text-message flex w-full flex-col items-end gap-2 whitespace-pre-wrap break-words [.text-message+&amp;]:mt-5 overflow-x-auto\" dir=\"auto\" data-message-author-role=\"assistant\" data-message-id=\"840196ea-7384-49d2-8e50-bdf46331106b\">\n<div class=\"flex w-full flex-col gap-1 empty:hidden first:pt-[3px]\">\n<div class=\"markdown prose w-full break-words dark:prose-invert light\">\n<p>Le r\u00e9sultat est un caf\u00e9 qui satisfait le palais, transportant ceux qui le boivent dans un monde de plaisirs intenses et sophistiqu\u00e9s. Barista est le choix id\u00e9al pour ceux qui recherchent un \u00e9quilibre parfait entre tradition et innovation. <\/p>\n<\/div>\n<\/div>\n<\/div>\n<\/div>\n<\/div>\n<\/div>\n<\/div>\n<\/div>\n<\/div>\n<\/div>\n\t\t\t\t\t\t\t\t<\/div>\n\t\t\t\t<\/div>\n\t\t<div class=\"elementor-element elementor-element-d980b01 e-con-full e-flex e-con e-child\" data-id=\"d980b01\" data-element_type=\"container\" data-e-type=\"container\" data-settings=\"{&quot;background_background&quot;:&quot;classic&quot;,&quot;background_motion_fx_motion_fx_scrolling&quot;:&quot;yes&quot;,&quot;background_motion_fx_scale_effect&quot;:&quot;yes&quot;,&quot;background_motion_fx_scale_speed&quot;:{&quot;unit&quot;:&quot;px&quot;,&quot;size&quot;:2,&quot;sizes&quot;:[]},&quot;background_motion_fx_scale_range&quot;:{&quot;unit&quot;:&quot;%&quot;,&quot;size&quot;:&quot;&quot;,&quot;sizes&quot;:{&quot;start&quot;:20,&quot;end&quot;:100}},&quot;background_motion_fx_scale_direction&quot;:&quot;out-in&quot;,&quot;background_motion_fx_devices&quot;:[&quot;desktop&quot;,&quot;laptop&quot;,&quot;tablet_extra&quot;,&quot;tablet&quot;,&quot;mobile&quot;]}\">\n\t\t\t\t<div class=\"elementor-element elementor-element-b65a49c elementor-widget elementor-widget-video\" data-id=\"b65a49c\" data-element_type=\"widget\" data-e-type=\"widget\" data-settings=\"{&quot;video_type&quot;:&quot;vimeo&quot;}\" data-widget_type=\"video.default\">\n\t\t\t\t\t\t\t<div class=\"elementor-wrapper elementor-open-inline\">\n\t\t\t<iframe class=\"elementor-video-iframe\" allowfullscreen allow=\"clipboard-write\" title=\"Lecteur vid\u00e9o vimeo\" src=\"https:\/\/player.vimeo.com\/video\/736796596?color&amp;autopause=0&amp;loop=0&amp;muted=0&amp;title=0&amp;portrait=0&amp;byline=0&amp;h=944fc3e996#t=\"><\/iframe>\t\t<\/div>\n\t\t\t\t\t\t<\/div>\n\t\t\t\t<\/div>\n\t\t\t\t\t<\/div>\n\t\t\t\t<\/div>\n\t\t\t\t<\/div>\n\t\t","protected":false},"excerpt":{"rendered":"<p>Barista en grains Barista Le caf\u00e9 \u00e0 la maison comme au caf\u00e9 Barista est un caf\u00e9 renomm\u00e9 pour son ar\u00f4me intense et son go\u00fbt vigoureux. La combinaison d&rsquo;excellentes vari\u00e9t\u00e9s de caf\u00e9 et de la torr\u00e9faction traditionnelle, soutenue par des syst\u00e8mes de contr\u00f4le modernes, met en valeur sa saveur et son ar\u00f4me. Achetez en ligne Un [&hellip;]<\/p>\n","protected":false},"author":6,"featured_media":13440,"parent":0,"menu_order":41,"comment_status":"closed","ping_status":"closed","template":"","meta":{"footnotes":""},"class_list":["post-10179","page","type-page","status-publish","has-post-thumbnail","hentry"],"_links":{"self":[{"href":"https:\/\/chiccodoro.com\/fr\/wp-json\/wp\/v2\/pages\/10179","targetHints":{"allow":["GET"]}}],"collection":[{"href":"https:\/\/chiccodoro.com\/fr\/wp-json\/wp\/v2\/pages"}],"about":[{"href":"https:\/\/chiccodoro.com\/fr\/wp-json\/wp\/v2\/types\/page"}],"author":[{"embeddable":true,"href":"https:\/\/chiccodoro.com\/fr\/wp-json\/wp\/v2\/users\/6"}],"replies":[{"embeddable":true,"href":"https:\/\/chiccodoro.com\/fr\/wp-json\/wp\/v2\/comments?post=10179"}],"version-history":[{"count":0,"href":"https:\/\/chiccodoro.com\/fr\/wp-json\/wp\/v2\/pages\/10179\/revisions"}],"wp:featuredmedia":[{"embeddable":true,"href":"https:\/\/chiccodoro.com\/fr\/wp-json\/wp\/v2\/media\/13440"}],"wp:attachment":[{"href":"https:\/\/chiccodoro.com\/fr\/wp-json\/wp\/v2\/media?parent=10179"}],"curies":[{"name":"wp","href":"https:\/\/api.w.org\/{rel}","templated":true}]}}