{"id":10149,"date":"2023-05-15T16:33:31","date_gmt":"2023-05-15T14:33:31","guid":{"rendered":"https:\/\/chiccodoro.com\/musee-du-cafe\/"},"modified":"2026-01-14T11:16:53","modified_gmt":"2026-01-14T10:16:53","slug":"musee-du-cafe","status":"publish","type":"page","link":"https:\/\/chiccodoro.com\/fr\/musee-du-cafe\/","title":{"rendered":"Mus\u00e9e du caf\u00e9"},"content":{"rendered":"\t\t<div data-elementor-type=\"wp-page\" data-elementor-id=\"10149\" class=\"elementor elementor-10149 elementor-2516\" data-elementor-post-type=\"page\">\n\t\t\t\t<div class=\"elementor-element elementor-element-2d62cbe e-flex e-con-boxed e-con e-parent\" data-id=\"2d62cbe\" data-element_type=\"container\" data-e-type=\"container\" data-settings=\"{&quot;background_background&quot;:&quot;classic&quot;,&quot;shape_divider_bottom&quot;:&quot;waves&quot;}\">\n\t\t\t\t\t<div class=\"e-con-inner\">\n\t\t\t\t<div class=\"elementor-shape elementor-shape-bottom\" aria-hidden=\"true\" data-negative=\"false\">\n\t\t\t<svg xmlns=\"http:\/\/www.w3.org\/2000\/svg\" viewBox=\"0 0 1000 100\" preserveAspectRatio=\"none\">\n\t<path class=\"elementor-shape-fill\" d=\"M421.9,6.5c22.6-2.5,51.5,0.4,75.5,5.3c23.6,4.9,70.9,23.5,100.5,35.7c75.8,32.2,133.7,44.5,192.6,49.7\n\tc23.6,2.1,48.7,3.5,103.4-2.5c54.7-6,106.2-25.6,106.2-25.6V0H0v30.3c0,0,72,32.6,158.4,30.5c39.2-0.7,92.8-6.7,134-22.4\n\tc21.2-8.1,52.2-18.2,79.7-24.2C399.3,7.9,411.6,7.5,421.9,6.5z\"\/>\n<\/svg>\t\t<\/div>\n\t\t<div class=\"elementor-element elementor-element-78be626 e-con-full e-flex e-con e-child\" data-id=\"78be626\" data-element_type=\"container\" data-e-type=\"container\">\n\t\t\t\t<div class=\"elementor-element elementor-element-34eeb4c elementor-widget elementor-widget-heading\" data-id=\"34eeb4c\" data-element_type=\"widget\" data-e-type=\"widget\" data-widget_type=\"heading.default\">\n\t\t\t\t\t<h2 class=\"elementor-heading-title elementor-size-default\">Le Mus\u00e9e du caf\u00e9<\/h2>\t\t\t\t<\/div>\n\t\t\t\t<div class=\"elementor-element elementor-element-b23015f elementor-widget elementor-widget-heading\" data-id=\"b23015f\" data-element_type=\"widget\" data-e-type=\"widget\" data-widget_type=\"heading.default\">\n\t\t\t\t\t<h2 class=\"elementor-heading-title elementor-size-default\">Pr\u00e9server et raconter l'histoire<\/h2>\t\t\t\t<\/div>\n\t\t\t\t<\/div>\n\t\t\t\t\t<\/div>\n\t\t\t\t<\/div>\n\t\t<div class=\"elementor-element elementor-element-a6c0e83 e-flex e-con-boxed e-con e-parent\" data-id=\"a6c0e83\" data-element_type=\"container\" data-e-type=\"container\" data-settings=\"{&quot;background_background&quot;:&quot;classic&quot;}\">\n\t\t\t\t\t<div class=\"e-con-inner\">\n\t\t\t\t<div class=\"elementor-element elementor-element-1f6884c elementor-headline--style-highlight elementor-widget elementor-widget-animated-headline\" data-id=\"1f6884c\" data-element_type=\"widget\" data-e-type=\"widget\" data-settings=\"{&quot;marker&quot;:&quot;underline&quot;,&quot;highlighted_text&quot;:&quot;Visites de 15 \\u00e0 50 personnes, r\\u00e9servez d\\u00e8s maintenant!&quot;,&quot;highlight_animation_duration&quot;:1500,&quot;highlight_iteration_delay&quot;:4000,&quot;headline_style&quot;:&quot;highlight&quot;,&quot;loop&quot;:&quot;yes&quot;}\" data-widget_type=\"animated-headline.default\">\n\t\t\t\t\t\t\t\t<a href=\"#prenotaora\">\n\n\t\t\t\t\t<h3 class=\"elementor-headline\">\n\t\t\t\t<span class=\"elementor-headline-dynamic-wrapper elementor-headline-text-wrapper\">\n\t\t\t\t\t<span class=\"elementor-headline-dynamic-text elementor-headline-text-active\">Visites de 15 \u00e0 50 personnes, r\u00e9servez d\u00e8s maintenant!<\/span>\n\t\t\t\t<\/span>\n\t\t\t\t<\/h3>\n\t\t<\/a>\t\t\t\t<\/div>\n\t\t\t\t<div class=\"elementor-element elementor-element-2ff62d5 elementor-widget__width-initial elementor-widget elementor-widget-heading\" data-id=\"2ff62d5\" data-element_type=\"widget\" data-e-type=\"widget\" data-widget_type=\"heading.default\">\n\t\t\t\t\t<h2 class=\"elementor-heading-title elementor-size-default\">Plongez dans le monde fascinant du caf\u00e9, une boisson qui a marqu\u00e9 l'histoire, l'art et la culture humaine. Laissez-vous envelopper par son ar\u00f4me enivrant, venez d\u00e9couvrir les innombrables facettes d'un produit si simple et pourtant si extraordinaire. <\/h2>\t\t\t\t<\/div>\n\t\t\t\t\t<\/div>\n\t\t\t\t<\/div>\n\t\t<div class=\"elementor-element elementor-element-3a66bd0 e-flex e-con-boxed e-con e-parent\" data-id=\"3a66bd0\" data-element_type=\"container\" data-e-type=\"container\" data-settings=\"{&quot;background_background&quot;:&quot;gradient&quot;}\">\n\t\t\t\t\t<div class=\"e-con-inner\">\n\t\t<div class=\"elementor-element elementor-element-2f5263e e-con-full e-flex e-con e-child\" data-id=\"2f5263e\" data-element_type=\"container\" data-e-type=\"container\">\n\t\t\t\t<div class=\"elementor-element elementor-element-3844bda elementor-widget elementor-widget-image\" data-id=\"3844bda\" data-element_type=\"widget\" data-e-type=\"widget\" data-widget_type=\"image.default\">\n\t\t\t\t\t\t\t\t\t\t\t\t\t\t\t<img fetchpriority=\"high\" decoding=\"async\" width=\"800\" height=\"534\" src=\"https:\/\/chiccodoro.com\/wp-content\/uploads\/2023\/05\/plaisirsmag_062018_0194-1024x683.jpg\" class=\"attachment-large size-large wp-image-10072\" alt=\"\" srcset=\"https:\/\/chiccodoro.com\/wp-content\/uploads\/2023\/05\/plaisirsmag_062018_0194-1024x683.jpg 1024w, https:\/\/chiccodoro.com\/wp-content\/uploads\/2023\/05\/plaisirsmag_062018_0194-300x200.jpg 300w, https:\/\/chiccodoro.com\/wp-content\/uploads\/2023\/05\/plaisirsmag_062018_0194-768x512.jpg 768w, https:\/\/chiccodoro.com\/wp-content\/uploads\/2023\/05\/plaisirsmag_062018_0194-1536x1024.jpg 1536w, https:\/\/chiccodoro.com\/wp-content\/uploads\/2023\/05\/plaisirsmag_062018_0194-2048x1365.jpg 2048w\" sizes=\"(max-width: 800px) 100vw, 800px\" \/>\t\t\t\t\t\t\t\t\t\t\t\t\t\t\t<\/div>\n\t\t\t\t<div class=\"elementor-element elementor-element-65a23d1 elementor-widget elementor-widget-gallery\" data-id=\"65a23d1\" data-element_type=\"widget\" data-e-type=\"widget\" data-settings=\"{&quot;aspect_ratio&quot;:&quot;1:1&quot;,&quot;image_hover_animation&quot;:&quot;grow&quot;,&quot;columns_mobile&quot;:3,&quot;columns_tablet&quot;:4,&quot;lazyload&quot;:&quot;yes&quot;,&quot;gallery_layout&quot;:&quot;grid&quot;,&quot;columns&quot;:4,&quot;gap&quot;:{&quot;unit&quot;:&quot;px&quot;,&quot;size&quot;:10,&quot;sizes&quot;:[]},&quot;gap_laptop&quot;:{&quot;unit&quot;:&quot;px&quot;,&quot;size&quot;:10,&quot;sizes&quot;:[]},&quot;gap_tablet_extra&quot;:{&quot;unit&quot;:&quot;px&quot;,&quot;size&quot;:10,&quot;sizes&quot;:[]},&quot;gap_tablet&quot;:{&quot;unit&quot;:&quot;px&quot;,&quot;size&quot;:10,&quot;sizes&quot;:[]},&quot;gap_mobile&quot;:{&quot;unit&quot;:&quot;px&quot;,&quot;size&quot;:10,&quot;sizes&quot;:[]},&quot;link_to&quot;:&quot;file&quot;,&quot;overlay_background&quot;:&quot;yes&quot;,&quot;content_hover_animation&quot;:&quot;fade-in&quot;}\" data-widget_type=\"gallery.default\">\n\t\t\t\t\t\t\t<div class=\"elementor-gallery__container\">\n\t\t\t\t\t\t\t<a class=\"e-gallery-item elementor-gallery-item elementor-animated-content\" href=\"https:\/\/chiccodoro.com\/wp-content\/uploads\/2023\/05\/plaisirsmag_062018_0191-scaled.jpg\" data-elementor-open-lightbox=\"yes\" data-elementor-lightbox-slideshow=\"65a23d1\" data-e-action-hash=\"#elementor-action%3Aaction%3Dlightbox%26settings%3DeyJpZCI6MTAwNzMsInVybCI6Imh0dHBzOlwvXC9jaGljY29kb3JvLmNvbVwvd3AtY29udGVudFwvdXBsb2Fkc1wvMjAyM1wvMDVcL3BsYWlzaXJzbWFnXzA2MjAxOF8wMTkxLXNjYWxlZC5qcGciLCJzbGlkZXNob3ciOiI2NWEyM2QxIn0%3D\">\n\t\t\t\t\t<div class=\"e-gallery-image elementor-gallery-item__image\" data-thumbnail=\"https:\/\/chiccodoro.com\/wp-content\/uploads\/2023\/05\/plaisirsmag_062018_0191-300x200.jpg\" data-width=\"300\" data-height=\"200\" aria-label=\"\" role=\"img\" ><\/div>\n\t\t\t\t\t\t\t\t\t\t\t<div class=\"elementor-gallery-item__overlay\"><\/div>\n\t\t\t\t\t\t\t\t\t\t\t\t\t\t<\/a>\n\t\t\t\t\t\t\t<a class=\"e-gallery-item elementor-gallery-item elementor-animated-content\" href=\"https:\/\/chiccodoro.com\/wp-content\/uploads\/2023\/05\/plaisirsmag_062018_0255-scaled.jpg\" data-elementor-open-lightbox=\"yes\" data-elementor-lightbox-slideshow=\"65a23d1\" data-e-action-hash=\"#elementor-action%3Aaction%3Dlightbox%26settings%3DeyJpZCI6MTAwNzQsInVybCI6Imh0dHBzOlwvXC9jaGljY29kb3JvLmNvbVwvd3AtY29udGVudFwvdXBsb2Fkc1wvMjAyM1wvMDVcL3BsYWlzaXJzbWFnXzA2MjAxOF8wMjU1LXNjYWxlZC5qcGciLCJzbGlkZXNob3ciOiI2NWEyM2QxIn0%3D\">\n\t\t\t\t\t<div class=\"e-gallery-image elementor-gallery-item__image\" data-thumbnail=\"https:\/\/chiccodoro.com\/wp-content\/uploads\/2023\/05\/plaisirsmag_062018_0255-300x200.jpg\" data-width=\"300\" data-height=\"200\" aria-label=\"\" role=\"img\" ><\/div>\n\t\t\t\t\t\t\t\t\t\t\t<div class=\"elementor-gallery-item__overlay\"><\/div>\n\t\t\t\t\t\t\t\t\t\t\t\t\t\t<\/a>\n\t\t\t\t\t\t\t<a class=\"e-gallery-item elementor-gallery-item elementor-animated-content\" href=\"https:\/\/chiccodoro.com\/wp-content\/uploads\/2024\/09\/plaisirsmag_062018_0156.jpg\" data-elementor-open-lightbox=\"yes\" data-elementor-lightbox-slideshow=\"65a23d1\" data-e-action-hash=\"#elementor-action%3Aaction%3Dlightbox%26settings%3DeyJpZCI6MTU1NjcsInVybCI6Imh0dHBzOlwvXC9jaGljY29kb3JvLmNvbVwvd3AtY29udGVudFwvdXBsb2Fkc1wvMjAyNFwvMDlcL3BsYWlzaXJzbWFnXzA2MjAxOF8wMTU2LmpwZyIsInNsaWRlc2hvdyI6IjY1YTIzZDEifQ%3D%3D\">\n\t\t\t\t\t<div class=\"e-gallery-image elementor-gallery-item__image\" data-thumbnail=\"https:\/\/chiccodoro.com\/wp-content\/uploads\/2024\/09\/plaisirsmag_062018_0156-200x300.jpg\" data-width=\"200\" data-height=\"300\" aria-label=\"\" role=\"img\" ><\/div>\n\t\t\t\t\t\t\t\t\t\t\t<div class=\"elementor-gallery-item__overlay\"><\/div>\n\t\t\t\t\t\t\t\t\t\t\t\t\t\t<\/a>\n\t\t\t\t\t\t\t<a class=\"e-gallery-item elementor-gallery-item elementor-animated-content\" href=\"https:\/\/chiccodoro.com\/wp-content\/uploads\/2024\/09\/plaisirsmag_062018_0157.jpg\" data-elementor-open-lightbox=\"yes\" data-elementor-lightbox-slideshow=\"65a23d1\" data-e-action-hash=\"#elementor-action%3Aaction%3Dlightbox%26settings%3DeyJpZCI6MTU1NjgsInVybCI6Imh0dHBzOlwvXC9jaGljY29kb3JvLmNvbVwvd3AtY29udGVudFwvdXBsb2Fkc1wvMjAyNFwvMDlcL3BsYWlzaXJzbWFnXzA2MjAxOF8wMTU3LmpwZyIsInNsaWRlc2hvdyI6IjY1YTIzZDEifQ%3D%3D\">\n\t\t\t\t\t<div class=\"e-gallery-image elementor-gallery-item__image\" data-thumbnail=\"https:\/\/chiccodoro.com\/wp-content\/uploads\/2024\/09\/plaisirsmag_062018_0157-200x300.jpg\" data-width=\"200\" data-height=\"300\" aria-label=\"\" role=\"img\" ><\/div>\n\t\t\t\t\t\t\t\t\t\t\t<div class=\"elementor-gallery-item__overlay\"><\/div>\n\t\t\t\t\t\t\t\t\t\t\t\t\t\t<\/a>\n\t\t\t\t\t\t\t<a class=\"e-gallery-item elementor-gallery-item elementor-animated-content\" href=\"https:\/\/chiccodoro.com\/wp-content\/uploads\/2024\/09\/plaisirsmag_062018_0159.jpg\" data-elementor-open-lightbox=\"yes\" data-elementor-lightbox-slideshow=\"65a23d1\" data-e-action-hash=\"#elementor-action%3Aaction%3Dlightbox%26settings%3DeyJpZCI6MTU1NjksInVybCI6Imh0dHBzOlwvXC9jaGljY29kb3JvLmNvbVwvd3AtY29udGVudFwvdXBsb2Fkc1wvMjAyNFwvMDlcL3BsYWlzaXJzbWFnXzA2MjAxOF8wMTU5LmpwZyIsInNsaWRlc2hvdyI6IjY1YTIzZDEifQ%3D%3D\">\n\t\t\t\t\t<div class=\"e-gallery-image elementor-gallery-item__image\" data-thumbnail=\"https:\/\/chiccodoro.com\/wp-content\/uploads\/2024\/09\/plaisirsmag_062018_0159-200x300.jpg\" data-width=\"200\" data-height=\"300\" aria-label=\"\" role=\"img\" ><\/div>\n\t\t\t\t\t\t\t\t\t\t\t<div class=\"elementor-gallery-item__overlay\"><\/div>\n\t\t\t\t\t\t\t\t\t\t\t\t\t\t<\/a>\n\t\t\t\t\t\t\t<a class=\"e-gallery-item elementor-gallery-item elementor-animated-content\" href=\"https:\/\/chiccodoro.com\/wp-content\/uploads\/2024\/09\/plaisirsmag_062018_0259.jpg\" data-elementor-open-lightbox=\"yes\" data-elementor-lightbox-slideshow=\"65a23d1\" data-e-action-hash=\"#elementor-action%3Aaction%3Dlightbox%26settings%3DeyJpZCI6MTU1NzAsInVybCI6Imh0dHBzOlwvXC9jaGljY29kb3JvLmNvbVwvd3AtY29udGVudFwvdXBsb2Fkc1wvMjAyNFwvMDlcL3BsYWlzaXJzbWFnXzA2MjAxOF8wMjU5LmpwZyIsInNsaWRlc2hvdyI6IjY1YTIzZDEifQ%3D%3D\">\n\t\t\t\t\t<div class=\"e-gallery-image elementor-gallery-item__image\" data-thumbnail=\"https:\/\/chiccodoro.com\/wp-content\/uploads\/2024\/09\/plaisirsmag_062018_0259-300x200.jpg\" data-width=\"300\" data-height=\"200\" aria-label=\"\" role=\"img\" ><\/div>\n\t\t\t\t\t\t\t\t\t\t\t<div class=\"elementor-gallery-item__overlay\"><\/div>\n\t\t\t\t\t\t\t\t\t\t\t\t\t\t<\/a>\n\t\t\t\t\t\t\t<a class=\"e-gallery-item elementor-gallery-item elementor-animated-content\" href=\"https:\/\/chiccodoro.com\/wp-content\/uploads\/2024\/09\/cdo-museo-chicco-05-1.jpg\" data-elementor-open-lightbox=\"yes\" data-elementor-lightbox-slideshow=\"65a23d1\" data-e-action-hash=\"#elementor-action%3Aaction%3Dlightbox%26settings%3DeyJpZCI6MTAxMDEsInVybCI6Imh0dHBzOlwvXC9jaGljY29kb3JvLmNvbVwvd3AtY29udGVudFwvdXBsb2Fkc1wvMjAyNFwvMDlcL2Nkby1tdXNlby1jaGljY28tMDUtMS5qcGciLCJzbGlkZXNob3ciOiI2NWEyM2QxIn0%3D\">\n\t\t\t\t\t<div class=\"e-gallery-image elementor-gallery-item__image\" data-thumbnail=\"https:\/\/chiccodoro.com\/wp-content\/uploads\/2024\/09\/cdo-museo-chicco-05-1-300x200.jpg\" data-width=\"300\" data-height=\"200\" aria-label=\"\" role=\"img\" ><\/div>\n\t\t\t\t\t\t\t\t\t\t\t<div class=\"elementor-gallery-item__overlay\"><\/div>\n\t\t\t\t\t\t\t\t\t\t\t\t\t\t<\/a>\n\t\t\t\t\t\t\t<a class=\"e-gallery-item elementor-gallery-item elementor-animated-content\" href=\"https:\/\/chiccodoro.com\/wp-content\/uploads\/2024\/09\/cdo-plaisir-museo-04-scaled.jpg\" data-elementor-open-lightbox=\"yes\" data-elementor-lightbox-slideshow=\"65a23d1\" data-e-action-hash=\"#elementor-action%3Aaction%3Dlightbox%26settings%3DeyJpZCI6MTUyMTcsInVybCI6Imh0dHBzOlwvXC9jaGljY29kb3JvLmNvbVwvd3AtY29udGVudFwvdXBsb2Fkc1wvMjAyNFwvMDlcL2Nkby1wbGFpc2lyLW11c2VvLTA0LXNjYWxlZC5qcGciLCJzbGlkZXNob3ciOiI2NWEyM2QxIn0%3D\">\n\t\t\t\t\t<div class=\"e-gallery-image elementor-gallery-item__image\" data-thumbnail=\"https:\/\/chiccodoro.com\/wp-content\/uploads\/2024\/09\/cdo-plaisir-museo-04-200x300.jpg\" data-width=\"200\" data-height=\"300\" aria-label=\"\" role=\"img\" ><\/div>\n\t\t\t\t\t\t\t\t\t\t\t<div class=\"elementor-gallery-item__overlay\"><\/div>\n\t\t\t\t\t\t\t\t\t\t\t\t\t\t<\/a>\n\t\t\t\t\t<\/div>\n\t\t\t\t\t<\/div>\n\t\t\t\t<\/div>\n\t\t<div class=\"elementor-element elementor-element-70c6d37 e-con-full e-flex e-con e-child\" data-id=\"70c6d37\" data-element_type=\"container\" data-e-type=\"container\">\n\t\t\t\t<div class=\"elementor-element elementor-element-72956f5 elementor-widget__width-initial elementor-widget-tablet__width-inherit elementor-widget elementor-widget-heading\" data-id=\"72956f5\" data-element_type=\"widget\" data-e-type=\"widget\" data-widget_type=\"heading.default\">\n\t\t\t\t\t<h2 class=\"elementor-heading-title elementor-size-default\">Chicco D\u2019oro est l\u2019expression et le r\u00e9sultat d'une \u201cculture du caf\u00e9\u201d qui trouve son aboutissement dans la cr\u00e9ation du Mus\u00e9e du Caf\u00e9.<\/h2>\t\t\t\t<\/div>\n\t\t\t\t<div class=\"elementor-element elementor-element-c5f1863 elementor-widget elementor-widget-text-editor\" data-id=\"c5f1863\" data-element_type=\"widget\" data-e-type=\"widget\" data-widget_type=\"text-editor.default\">\n\t\t\t\t\t\t\t\t\t<p>Install\u00e9 dans nos locaux \u00e0 Balerna, nous avons cr\u00e9\u00e9 ce Mus\u00e9e pour pr\u00e9server et mettre en valeur l&rsquo;histoire, la valeur et la signification de cette pr\u00e9cieuse boisson. Visiter notre Mus\u00e9e est une exp\u00e9rience d&rsquo;un grand int\u00e9r\u00eat. Il est n\u00e9 de notre passion et de notre amour pour ce produit magique, avec l&rsquo;intention de sauvegarder et de valoriser la culture et l&rsquo;histoire s\u00e9culaires du caf\u00e9. Notre Mus\u00e9e est certainement l&rsquo;un des plus complets et repr\u00e9sentatifs du secteur.   <br><br>Nous avons ouvert nos portes en 1989 et aujourd&rsquo;hui, nous exposons une grande vari\u00e9t\u00e9 d&rsquo;objets et de curiosit\u00e9s, du XVIIIe si\u00e8cle \u00e0 nos jours : un v\u00e9ritable patrimoine pour le visiteur attentif et passionn\u00e9 par cette boisson exotique.<\/p><p>\u00c0 travers le Mus\u00e9e, nous offrons une exposition multiforme de technologies et d&rsquo;objets li\u00e9s au monde du caf\u00e9 : un monde que nous, chez Torrefazione Caff\u00e8 Chicco d&rsquo;Oro, aimons, soignons, valorisons et partageons avec un large public, y compris des \u00e9coles, des retrait\u00e9s et des professionnels qui viennent le visiter.<\/p><p>\u00c0 l&rsquo;int\u00e9rieur du Mus\u00e9e, nos panneaux historiques et les objets expos\u00e9s offrent un aper\u00e7u des \u00e9volutions subies au fil des si\u00e8cles, de la production artisanale \u00e0 la technique industrielle, qui sont l&rsquo;expression de la cr\u00e9ativit\u00e9 et du g\u00e9nie de ceux qui ont travaill\u00e9 dans le secteur du caf\u00e9 et des appareils n\u00e9cessaires \u00e0 la pr\u00e9paration de cette boisson.<\/p><p>Notre Mus\u00e9e ne repr\u00e9sente pas seulement un voyage dans l&rsquo;histoire de Torrefazione Caff\u00e8 Chicco d&rsquo;Oro, qui a fait de sa pr\u00e9paration \u00e0 toutes les \u00e9tapes, de la r\u00e9ception des sacs pleins de grains \u00e0 son emballage, un point d&rsquo;excellence, mais aussi un parcours fascinant dans l&rsquo;univers vaste de cette boisson, riche de dons pour l&rsquo;\u00e2me, l&rsquo;esprit et le corps.<\/p><p>C&rsquo;est le miracle du caf\u00e9 avec ses qualit\u00e9s b\u00e9n\u00e9fiques et \u00e0 travers les outils et les machines qui le transforment en un \u00ab\u00a0\u00e9lixir\u00a0\u00bb noir et aromatique.<\/p>\t\t\t\t\t\t\t\t<\/div>\n\t\t\t\t<\/div>\n\t\t\t\t\t<\/div>\n\t\t\t\t<\/div>\n\t\t<div class=\"elementor-element elementor-element-56320c2 e-flex e-con-boxed e-con e-parent\" data-id=\"56320c2\" data-element_type=\"container\" data-e-type=\"container\" id=\"prenotaora\" data-settings=\"{&quot;background_background&quot;:&quot;classic&quot;}\">\n\t\t\t\t\t<div class=\"e-con-inner\">\n\t\t<div class=\"elementor-element elementor-element-0a203a0 e-con-full e-flex e-con e-child\" data-id=\"0a203a0\" data-element_type=\"container\" data-e-type=\"container\" data-settings=\"{&quot;background_background&quot;:&quot;classic&quot;}\">\n\t\t\t\t<div class=\"elementor-element elementor-element-5e4c294 elementor-widget elementor-widget-heading\" data-id=\"5e4c294\" data-element_type=\"widget\" data-e-type=\"widget\" data-widget_type=\"heading.default\">\n\t\t\t\t\t<h2 class=\"elementor-heading-title elementor-size-default\">Contactez-nous pur r\u00e9server votre visite.<\/h2>\t\t\t\t<\/div>\n\t\t\t\t<div class=\"elementor-element elementor-element-a77b8c6 elementor-button-align-stretch elementor-widget elementor-widget-form\" data-id=\"a77b8c6\" data-element_type=\"widget\" data-e-type=\"widget\" data-settings=\"{&quot;step_next_label&quot;:&quot;Suivant&quot;,&quot;step_previous_label&quot;:&quot;Pr\\u00e9c\\u00e9dent&quot;,&quot;button_width&quot;:&quot;100&quot;,&quot;step_type&quot;:&quot;number_text&quot;,&quot;step_icon_shape&quot;:&quot;circle&quot;}\" data-widget_type=\"form.default\">\n\t\t\t\t\t\t\t<form class=\"elementor-form\" method=\"post\" name=\"Mus\u00e9e du Caf\u00e9\" aria-label=\"Mus\u00e9e du Caf\u00e9\">\n\t\t\t<input type=\"hidden\" name=\"post_id\" value=\"10149\"\/>\n\t\t\t<input type=\"hidden\" name=\"form_id\" value=\"a77b8c6\"\/>\n\t\t\t<input type=\"hidden\" name=\"referer_title\" value=\"Mus\u00e9e du Caf\u00e9: histoire et culture - Caff\u00e8 Chicco d&#039;Oro\" \/>\n\n\t\t\t\t\t\t\t<input type=\"hidden\" name=\"queried_id\" value=\"10149\"\/>\n\t\t\t\n\t\t\t<div class=\"elementor-form-fields-wrapper elementor-labels-above\">\n\t\t\t\t\t\t\t\t<div class=\"elementor-field-type-text elementor-field-group elementor-column elementor-field-group-nome_museo elementor-col-50 elementor-field-required elementor-mark-required\">\n\t\t\t\t\t\t\t\t\t\t\t\t\t<input size=\"1\" type=\"text\" name=\"form_fields[nome_museo]\" id=\"form-field-nome_museo\" class=\"elementor-field elementor-size-md  elementor-field-textual\" placeholder=\"Pr\u00e9nom\" required=\"required\">\n\t\t\t\t\t\t\t\t\t\t\t<\/div>\n\t\t\t\t\t\t\t\t<div class=\"elementor-field-type-text elementor-field-group elementor-column elementor-field-group-field_f0a76eb elementor-col-50 elementor-field-required elementor-mark-required\">\n\t\t\t\t\t\t\t\t\t\t\t\t\t<input size=\"1\" type=\"text\" name=\"form_fields[field_f0a76eb]\" id=\"form-field-field_f0a76eb\" class=\"elementor-field elementor-size-md  elementor-field-textual\" placeholder=\"Nom de famille\" required=\"required\">\n\t\t\t\t\t\t\t\t\t\t\t<\/div>\n\t\t\t\t\t\t\t\t<div class=\"elementor-field-type-date elementor-field-group elementor-column elementor-field-group-field_a4e2612 elementor-col-50 elementor-field-required elementor-mark-required\">\n\t\t\t\t\t\t\t\t\t\t\t\t<label for=\"form-field-field_a4e2612\" class=\"elementor-field-label\">\n\t\t\t\t\t\t\t\tDate de la visite\t\t\t\t\t\t\t<\/label>\n\t\t\t\t\t\t\n\t\t<input type=\"date\" name=\"form_fields[field_a4e2612]\" id=\"form-field-field_a4e2612\" class=\"elementor-field elementor-size-md  elementor-field-textual elementor-date-field elementor-use-native\" placeholder=\"Date de la visite\" required=\"required\" pattern=\"[0-9]{4}-[0-9]{2}-[0-9]{2}\">\n\t\t\t\t\t\t<\/div>\n\t\t\t\t\t\t\t\t<div class=\"elementor-field-type-number elementor-field-group elementor-column elementor-field-group-field_15851de elementor-col-50 elementor-field-required elementor-mark-required\">\n\t\t\t\t\t\t\t\t<input type=\"number\" name=\"form_fields[field_15851de]\" id=\"form-field-field_15851de\" class=\"elementor-field elementor-size-md  elementor-field-textual\" placeholder=\"Nombre de participants\" required=\"required\" min=\"\" max=\"\" >\n\t\t\t\t\t\t<\/div>\n\t\t\t\t\t\t\t\t<div class=\"elementor-field-type-tel elementor-field-group elementor-column elementor-field-group-field_31a8c8c elementor-col-50 elementor-field-required elementor-mark-required\">\n\t\t\t\t\t\t\t<input size=\"1\" type=\"tel\" name=\"form_fields[field_31a8c8c]\" id=\"form-field-field_31a8c8c\" class=\"elementor-field elementor-size-md  elementor-field-textual\" placeholder=\"T\u00e9l\u00e9phone\" required=\"required\" pattern=\"[0-9()#&amp;+*-=.]+\" title=\"Seuls les caract\u00e8res de num\u00e9ros de t\u00e9l\u00e9phone (#, -, *, etc.) sont accept\u00e9s.\">\n\n\t\t\t\t\t\t<\/div>\n\t\t\t\t\t\t\t\t<div class=\"elementor-field-type-email elementor-field-group elementor-column elementor-field-group-field_4de031b elementor-col-50 elementor-field-required elementor-mark-required\">\n\t\t\t\t\t\t\t\t\t\t\t\t\t<input size=\"1\" type=\"email\" name=\"form_fields[field_4de031b]\" id=\"form-field-field_4de031b\" class=\"elementor-field elementor-size-md  elementor-field-textual\" placeholder=\"Email\" required=\"required\">\n\t\t\t\t\t\t\t\t\t\t\t<\/div>\n\t\t\t\t\t\t\t\t<div class=\"elementor-field-type-textarea elementor-field-group elementor-column elementor-field-group-field_551ca11 elementor-col-100 elementor-field-required elementor-mark-required\">\n\t\t\t\t\t<textarea class=\"elementor-field-textual elementor-field  elementor-size-md\" name=\"form_fields[field_551ca11]\" id=\"form-field-field_551ca11\" rows=\"4\" placeholder=\"Message\" required=\"required\"><\/textarea>\t\t\t\t<\/div>\n\t\t\t\t\t\t\t\t<div class=\"elementor-field-type-text\">\n\t\t\t\t\t<input size=\"1\" type=\"text\" name=\"form_fields[field_f858546]\" id=\"form-field-field_f858546\" class=\"elementor-field elementor-size-md \" style=\"display:none !important;\">\t\t\t\t<\/div>\n\t\t\t\t\t\t\t\t<div class=\"elementor-field-type-recaptcha_v3 elementor-field-group elementor-column elementor-field-group-field_a525493 elementor-col-100 recaptcha_v3-bottomright\">\n\t\t\t\t\t<div class=\"elementor-field\" id=\"form-field-field_a525493\"><div class=\"elementor-g-recaptcha\" data-sitekey=\"6LfIZ-QqAAAAAL90Am0PQhruPa6mT8sitaI_gWUI\" data-type=\"v3\" data-action=\"Form\" data-badge=\"bottomright\" data-size=\"invisible\"><\/div><\/div>\t\t\t\t<\/div>\n\t\t\t\t\t\t\t\t<div class=\"elementor-field-group elementor-column elementor-field-type-submit elementor-col-100 e-form__buttons\">\n\t\t\t\t\t<button class=\"elementor-button elementor-size-sm\" type=\"submit\">\n\t\t\t\t\t\t<span class=\"elementor-button-content-wrapper\">\n\t\t\t\t\t\t\t\t\t\t\t\t\t\t\t\t\t\t\t\t\t\t<span class=\"elementor-button-text\">Envoyer!<\/span>\n\t\t\t\t\t\t\t\t\t\t\t\t\t<\/span>\n\t\t\t\t\t<\/button>\n\t\t\t\t<\/div>\n\t\t\t<\/div>\n\t\t<\/form>\n\t\t\t\t\t\t<\/div>\n\t\t\t\t<div class=\"elementor-element elementor-element-4e10021 elementor-widget elementor-widget-text-editor\" data-id=\"4e10021\" data-element_type=\"widget\" data-e-type=\"widget\" data-widget_type=\"text-editor.default\">\n\t\t\t\t\t\t\t\t\t<div style=\"font-size: 0.8rem; line-height: 1.2; color: #483017; text-align: center; padding: 0 1em; white-space: nowrap;\">\n This site is protected by reCAPTCHA and the <a style=\"color: #483017;\" href=\"https:\/\/policies.google.com\/privacy\" target=\"_blank\" rel=\"noopener\">Google Privacy Policy <\/a>and <a style=\"color: #483017;\" href=\"https:\/\/policies.google.com\/terms\" target=\"_blank\" rel=\"noopener\">Terms of Service<\/a> apply.\n<\/div>\t\t\t\t\t\t\t\t<\/div>\n\t\t\t\t<\/div>\n\t\t\t\t\t<\/div>\n\t\t\t\t<\/div>\n\t\t\t\t<\/div>\n\t\t","protected":false},"excerpt":{"rendered":"<p>Le Mus\u00e9e du caf\u00e9 Pr\u00e9server et raconter l&rsquo;histoire Visites de 15 \u00e0 50 personnes, r\u00e9servez d\u00e8s maintenant! Plongez dans le monde fascinant du caf\u00e9, une boisson qui a marqu\u00e9 l&rsquo;histoire, l&rsquo;art et la culture humaine. Laissez-vous envelopper par son ar\u00f4me enivrant, venez d\u00e9couvrir les innombrables facettes d&rsquo;un produit si simple et pourtant si extraordinaire. Chicco [&hellip;]<\/p>\n","protected":false},"author":6,"featured_media":13336,"parent":0,"menu_order":10,"comment_status":"closed","ping_status":"closed","template":"","meta":{"footnotes":""},"class_list":["post-10149","page","type-page","status-publish","has-post-thumbnail","hentry"],"_links":{"self":[{"href":"https:\/\/chiccodoro.com\/fr\/wp-json\/wp\/v2\/pages\/10149","targetHints":{"allow":["GET"]}}],"collection":[{"href":"https:\/\/chiccodoro.com\/fr\/wp-json\/wp\/v2\/pages"}],"about":[{"href":"https:\/\/chiccodoro.com\/fr\/wp-json\/wp\/v2\/types\/page"}],"author":[{"embeddable":true,"href":"https:\/\/chiccodoro.com\/fr\/wp-json\/wp\/v2\/users\/6"}],"replies":[{"embeddable":true,"href":"https:\/\/chiccodoro.com\/fr\/wp-json\/wp\/v2\/comments?post=10149"}],"version-history":[{"count":0,"href":"https:\/\/chiccodoro.com\/fr\/wp-json\/wp\/v2\/pages\/10149\/revisions"}],"wp:featuredmedia":[{"embeddable":true,"href":"https:\/\/chiccodoro.com\/fr\/wp-json\/wp\/v2\/media\/13336"}],"wp:attachment":[{"href":"https:\/\/chiccodoro.com\/fr\/wp-json\/wp\/v2\/media?parent=10149"}],"curies":[{"name":"wp","href":"https:\/\/api.w.org\/{rel}","templated":true}]}}