{"id":10532,"date":"2024-09-30T14:13:41","date_gmt":"2024-09-30T12:13:41","guid":{"rendered":"https:\/\/chiccodoro.com\/kaffeemaschinen\/"},"modified":"2025-06-18T08:41:23","modified_gmt":"2025-06-18T06:41:23","slug":"kaffeemaschinen","status":"publish","type":"page","link":"https:\/\/chiccodoro.com\/de\/kaffeemaschinen\/","title":{"rendered":"Kaffeemaschinen"},"content":{"rendered":"\t\t<div data-elementor-type=\"wp-page\" data-elementor-id=\"10532\" class=\"elementor elementor-10532 elementor-9395\" data-elementor-post-type=\"page\">\n\t\t\t\t<div class=\"elementor-element elementor-element-66e8653 e-flex e-con-boxed e-con e-parent\" data-id=\"66e8653\" data-element_type=\"container\" data-e-type=\"container\" data-settings=\"{&quot;background_background&quot;:&quot;classic&quot;,&quot;shape_divider_bottom&quot;:&quot;waves&quot;}\">\n\t\t\t\t\t<div class=\"e-con-inner\">\n\t\t\t\t<div class=\"elementor-shape elementor-shape-bottom\" aria-hidden=\"true\" data-negative=\"false\">\n\t\t\t<svg xmlns=\"http:\/\/www.w3.org\/2000\/svg\" viewBox=\"0 0 1000 100\" preserveAspectRatio=\"none\">\n\t<path class=\"elementor-shape-fill\" d=\"M421.9,6.5c22.6-2.5,51.5,0.4,75.5,5.3c23.6,4.9,70.9,23.5,100.5,35.7c75.8,32.2,133.7,44.5,192.6,49.7\n\tc23.6,2.1,48.7,3.5,103.4-2.5c54.7-6,106.2-25.6,106.2-25.6V0H0v30.3c0,0,72,32.6,158.4,30.5c39.2-0.7,92.8-6.7,134-22.4\n\tc21.2-8.1,52.2-18.2,79.7-24.2C399.3,7.9,411.6,7.5,421.9,6.5z\"\/>\n<\/svg>\t\t<\/div>\n\t\t<div class=\"elementor-element elementor-element-e4b7910 e-con-full e-flex e-con e-child\" data-id=\"e4b7910\" data-element_type=\"container\" data-e-type=\"container\">\n\t\t\t\t<div class=\"elementor-element elementor-element-4213c78 elementor-widget elementor-widget-heading\" data-id=\"4213c78\" data-element_type=\"widget\" data-e-type=\"widget\" data-widget_type=\"heading.default\">\n\t\t\t\t\t<h2 class=\"elementor-heading-title elementor-size-default\">Kaffeemaschinen<\/h2>\t\t\t\t<\/div>\n\t\t\t\t<div class=\"elementor-element elementor-element-c538cac elementor-widget elementor-widget-heading\" data-id=\"c538cac\" data-element_type=\"widget\" data-e-type=\"widget\" data-widget_type=\"heading.default\">\n\t\t\t\t\t<h2 class=\"elementor-heading-title elementor-size-default\">Kaffeemaschinen f\u00fcr jeden Geschmack und Stil<\/h2>\t\t\t\t<\/div>\n\t\t\t\t<\/div>\n\t\t\t\t\t<\/div>\n\t\t\t\t<\/div>\n\t\t<div class=\"elementor-element elementor-element-7495e73 e-flex e-con-boxed e-con e-parent\" data-id=\"7495e73\" data-element_type=\"container\" data-e-type=\"container\" data-settings=\"{&quot;background_background&quot;:&quot;gradient&quot;}\">\n\t\t\t\t\t<div class=\"e-con-inner\">\n\t\t<div class=\"elementor-element elementor-element-4dce1d3 e-con-full e-flex e-con e-child\" data-id=\"4dce1d3\" data-element_type=\"container\" data-e-type=\"container\">\n\t\t\t\t<div class=\"elementor-element elementor-element-9733c66 elementor-widget elementor-widget-heading\" data-id=\"9733c66\" data-element_type=\"widget\" data-e-type=\"widget\" data-widget_type=\"heading.default\">\n\t\t\t\t\t<h2 class=\"elementor-heading-title elementor-size-default\">UNSERE KAFFEEMASCHINEN<\/h2>\t\t\t\t<\/div>\n\t\t\t\t<div class=\"elementor-element elementor-element-2ba2282 elementor-widget elementor-widget-heading\" data-id=\"2ba2282\" data-element_type=\"widget\" data-e-type=\"widget\" data-widget_type=\"heading.default\">\n\t\t\t\t\t<h2 class=\"elementor-heading-title elementor-size-default\">W\u00e4hlen Sie die perfekte Maschine f\u00fcr den perfekten Kaffee!<\/h2>\t\t\t\t<\/div>\n\t\t\t\t<div class=\"elementor-element elementor-element-fc12613 elementor-widget elementor-widget-text-editor\" data-id=\"fc12613\" data-element_type=\"widget\" data-e-type=\"widget\" data-widget_type=\"text-editor.default\">\n\t\t\t\t\t\t\t\t\t<p>Unsere Kaffeemaschinen sind so konzipiert, dass sie das Aroma und den Geschmack der besten ausgew\u00e4hlten Bohnen maximieren und eine einfache, schnelle und einwandfreie Zubereitung garantieren.<\/p><p>Mit einem eleganten Design und modernster Funktionalit\u00e4t passen die Maschinen von Chicco d\u2019Oro perfekt in jede Umgebung, sei es zu Hause oder im B\u00fcro.<\/p>\t\t\t\t\t\t\t\t<\/div>\n\t\t\t\t<div class=\"elementor-element elementor-element-0435da0 elementor-tablet_extra-align-left elementor-align-left elementor-widget elementor-widget-button\" data-id=\"0435da0\" data-element_type=\"widget\" data-e-type=\"widget\" data-widget_type=\"button.default\">\n\t\t\t\t\t\t\t\t\t\t<a class=\"elementor-button elementor-button-link elementor-size-sm\" href=\"https:\/\/shop.chiccodoro.com\/it-ch\/macchine-da-caff%C3%A8\/\" target=\"_blank\">\n\t\t\t\t\t\t<span class=\"elementor-button-content-wrapper\">\n\t\t\t\t\t\t\t\t\t<span class=\"elementor-button-text\">Entdecken Sie unsere Maschinen<\/span>\n\t\t\t\t\t<\/span>\n\t\t\t\t\t<\/a>\n\t\t\t\t\t\t\t\t<\/div>\n\t\t\t\t<\/div>\n\t\t<div class=\"elementor-element elementor-element-a8d7194 e-con-full e-flex e-con e-child\" data-id=\"a8d7194\" data-element_type=\"container\" data-e-type=\"container\">\n\t\t\t\t<div class=\"elementor-element elementor-element-bdbe34b elementor-absolute elementor-hidden-mobile elementor-skin-carousel elementor-pagination-type-bullets elementor-pagination-position-outside elementor-widget elementor-widget-media-carousel\" data-id=\"bdbe34b\" data-element_type=\"widget\" data-e-type=\"widget\" data-settings=\"{&quot;slides_per_view&quot;:&quot;1&quot;,&quot;space_between&quot;:{&quot;unit&quot;:&quot;px&quot;,&quot;size&quot;:0,&quot;sizes&quot;:[]},&quot;_position&quot;:&quot;absolute&quot;,&quot;slides_per_view_laptop&quot;:&quot;1&quot;,&quot;slides_per_view_tablet_extra&quot;:&quot;1&quot;,&quot;slides_per_view_tablet&quot;:&quot;1&quot;,&quot;slides_to_scroll_laptop&quot;:&quot;1&quot;,&quot;slides_to_scroll_tablet_extra&quot;:&quot;1&quot;,&quot;slides_to_scroll_tablet&quot;:&quot;1&quot;,&quot;autoplay_speed&quot;:2500,&quot;skin&quot;:&quot;carousel&quot;,&quot;effect&quot;:&quot;slide&quot;,&quot;pagination&quot;:&quot;bullets&quot;,&quot;speed&quot;:500,&quot;autoplay&quot;:&quot;yes&quot;,&quot;loop&quot;:&quot;yes&quot;,&quot;space_between_laptop&quot;:{&quot;unit&quot;:&quot;px&quot;,&quot;size&quot;:10,&quot;sizes&quot;:[]},&quot;space_between_tablet_extra&quot;:{&quot;unit&quot;:&quot;px&quot;,&quot;size&quot;:10,&quot;sizes&quot;:[]},&quot;space_between_tablet&quot;:{&quot;unit&quot;:&quot;px&quot;,&quot;size&quot;:10,&quot;sizes&quot;:[]},&quot;space_between_mobile&quot;:{&quot;unit&quot;:&quot;px&quot;,&quot;size&quot;:10,&quot;sizes&quot;:[]}}\" data-widget_type=\"media-carousel.default\">\n\t\t\t\t\t\t\t\t\t\t<div class=\"elementor-main-swiper swiper\" role=\"region\" aria-roledescription=\"carousel\" aria-label=\"Slides\">\n\t\t\t\t<div class=\"swiper-wrapper\">\n\t\t\t\t\t\t\t\t\t\t\t<div class=\"swiper-slide\" role=\"group\" aria-roledescription=\"slide\">\n\t\t\t\t\t\t\t\t\t<div class=\"elementor-carousel-image\" role=\"img\" aria-label=\"cdo-macchine-02\" style=\"background-image: url(&#039;https:\/\/chiccodoro.com\/wp-content\/uploads\/2025\/02\/cdo-macchine-02-300x300.jpg&#039;)\">\n\n\t\t\t\n\t\t\t\t\t<\/div>\n\t\t\t\t\t\t\t\t<\/div>\n\t\t\t\t\t\t\t\t\t\t\t<div class=\"swiper-slide\" role=\"group\" aria-roledescription=\"slide\">\n\t\t\t\t\t\t\t\t\t<div class=\"elementor-carousel-image\" role=\"img\" aria-label=\"cdo-macchine-03\" style=\"background-image: url(&#039;https:\/\/chiccodoro.com\/wp-content\/uploads\/2025\/02\/cdo-macchine-03-300x300.jpg&#039;)\">\n\n\t\t\t\n\t\t\t\t\t<\/div>\n\t\t\t\t\t\t\t\t<\/div>\n\t\t\t\t\t\t\t\t\t\t\t<div class=\"swiper-slide\" role=\"group\" aria-roledescription=\"slide\">\n\t\t\t\t\t\t\t\t\t<div class=\"elementor-carousel-image\" role=\"img\" aria-label=\"cdo-macchine-04\" style=\"background-image: url(&#039;https:\/\/chiccodoro.com\/wp-content\/uploads\/2025\/02\/cdo-macchine-04-300x300.jpg&#039;)\">\n\n\t\t\t\n\t\t\t\t\t<\/div>\n\t\t\t\t\t\t\t\t<\/div>\n\t\t\t\t\t\t\t\t\t\t\t<div class=\"swiper-slide\" role=\"group\" aria-roledescription=\"slide\">\n\t\t\t\t\t\t\t\t\t<div class=\"elementor-carousel-image\" role=\"img\" aria-label=\"S36_Laterale_BIANCA\" style=\"background-image: url(&#039;https:\/\/chiccodoro.com\/wp-content\/uploads\/2025\/06\/S36_Laterale_BIANCA-300x283.png&#039;)\">\n\n\t\t\t\n\t\t\t\t\t<\/div>\n\t\t\t\t\t\t\t\t<\/div>\n\t\t\t\t\t\t\t\t\t<\/div>\n\t\t\t\t\t\t\t\t\t\t\t\t\t\t\t\t\t\t\t\t<div class=\"swiper-pagination\"><\/div>\n\t\t\t\t\t\t\t\t\t\t\t\t<\/div>\n\t\t\t\t\t\t\t\t<\/div>\n\t\t\t\t<div class=\"elementor-element elementor-element-5bbb4b0 elementor-widget elementor-widget-image\" data-id=\"5bbb4b0\" data-element_type=\"widget\" data-e-type=\"widget\" data-widget_type=\"image.default\">\n\t\t\t\t\t\t\t\t\t\t\t\t\t\t\t<img fetchpriority=\"high\" decoding=\"async\" width=\"800\" height=\"706\" src=\"https:\/\/chiccodoro.com\/wp-content\/uploads\/2025\/02\/cdo-caffitali-macchine-25-b.png\" class=\"attachment-large size-large wp-image-13225\" alt=\"\" srcset=\"https:\/\/chiccodoro.com\/wp-content\/uploads\/2025\/02\/cdo-caffitali-macchine-25-b.png 1003w, https:\/\/chiccodoro.com\/wp-content\/uploads\/2025\/02\/cdo-caffitali-macchine-25-b-300x265.png 300w, https:\/\/chiccodoro.com\/wp-content\/uploads\/2025\/02\/cdo-caffitali-macchine-25-b-768x678.png 768w\" sizes=\"(max-width: 800px) 100vw, 800px\" \/>\t\t\t\t\t\t\t\t\t\t\t\t\t\t\t<\/div>\n\t\t\t\t<\/div>\n\t\t\t\t\t<\/div>\n\t\t\t\t<\/div>\n\t\t<div class=\"elementor-element elementor-element-3818b8c e-flex e-con-boxed e-con e-parent\" data-id=\"3818b8c\" data-element_type=\"container\" data-e-type=\"container\" data-settings=\"{&quot;background_background&quot;:&quot;classic&quot;}\">\n\t\t\t\t\t<div class=\"e-con-inner\">\n\t\t\t\t<div class=\"elementor-element elementor-element-45f56b6 elementor-widget elementor-widget-image\" data-id=\"45f56b6\" data-element_type=\"widget\" data-e-type=\"widget\" data-widget_type=\"image.default\">\n\t\t\t\t\t\t\t\t\t\t\t\t\t\t\t<img decoding=\"async\" width=\"400\" height=\"195\" src=\"https:\/\/chiccodoro.com\/wp-content\/uploads\/2023\/08\/caffitaly.png\" class=\"attachment-large size-large wp-image-10494\" alt=\"\" srcset=\"https:\/\/chiccodoro.com\/wp-content\/uploads\/2023\/08\/caffitaly.png 400w, https:\/\/chiccodoro.com\/wp-content\/uploads\/2023\/08\/caffitaly-300x146.png 300w\" sizes=\"(max-width: 400px) 100vw, 400px\" \/>\t\t\t\t\t\t\t\t\t\t\t\t\t\t\t<\/div>\n\t\t\t\t<div class=\"elementor-element elementor-element-c178fd7 elementor-widget elementor-widget-image\" data-id=\"c178fd7\" data-element_type=\"widget\" data-e-type=\"widget\" data-widget_type=\"image.default\">\n\t\t\t\t\t\t\t\t\t\t\t\t\t\t\t<img decoding=\"async\" width=\"800\" height=\"354\" src=\"https:\/\/chiccodoro.com\/wp-content\/uploads\/2023\/08\/jura-vector-logo-1024x453.png\" class=\"attachment-large size-large wp-image-10495\" alt=\"\" srcset=\"https:\/\/chiccodoro.com\/wp-content\/uploads\/2023\/08\/jura-vector-logo-1024x453.png 1024w, https:\/\/chiccodoro.com\/wp-content\/uploads\/2023\/08\/jura-vector-logo-300x133.png 300w, https:\/\/chiccodoro.com\/wp-content\/uploads\/2023\/08\/jura-vector-logo-768x339.png 768w, https:\/\/chiccodoro.com\/wp-content\/uploads\/2023\/08\/jura-vector-logo-1536x679.png 1536w, https:\/\/chiccodoro.com\/wp-content\/uploads\/2023\/08\/jura-vector-logo-2048x905.png 2048w\" sizes=\"(max-width: 800px) 100vw, 800px\" \/>\t\t\t\t\t\t\t\t\t\t\t\t\t\t\t<\/div>\n\t\t\t\t<div class=\"elementor-element elementor-element-1f714f3 elementor-widget elementor-widget-image\" data-id=\"1f714f3\" data-element_type=\"widget\" data-e-type=\"widget\" data-widget_type=\"image.default\">\n\t\t\t\t\t\t\t\t\t\t\t\t\t\t\t<img loading=\"lazy\" decoding=\"async\" width=\"400\" height=\"121\" src=\"https:\/\/chiccodoro.com\/wp-content\/uploads\/2023\/08\/logo-spinel-bianco.png\" class=\"attachment-large size-large wp-image-10496\" alt=\"\" srcset=\"https:\/\/chiccodoro.com\/wp-content\/uploads\/2023\/08\/logo-spinel-bianco.png 400w, https:\/\/chiccodoro.com\/wp-content\/uploads\/2023\/08\/logo-spinel-bianco-300x91.png 300w\" sizes=\"(max-width: 400px) 100vw, 400px\" \/>\t\t\t\t\t\t\t\t\t\t\t\t\t\t\t<\/div>\n\t\t\t\t\t<\/div>\n\t\t\t\t<\/div>\n\t\t\t\t<\/div>\n\t\t","protected":false},"excerpt":{"rendered":"<p>Kaffeemaschinen Kaffeemaschinen f\u00fcr jeden Geschmack und Stil UNSERE KAFFEEMASCHINEN W\u00e4hlen Sie die perfekte Maschine f\u00fcr den perfekten Kaffee! Unsere Kaffeemaschinen sind so konzipiert, dass sie das Aroma und den Geschmack der besten ausgew\u00e4hlten Bohnen maximieren und eine einfache, schnelle und einwandfreie Zubereitung garantieren. Mit einem eleganten Design und modernster Funktionalit\u00e4t passen die Maschinen von Chicco [&hellip;]<\/p>\n","protected":false},"author":6,"featured_media":13433,"parent":0,"menu_order":56,"comment_status":"closed","ping_status":"closed","template":"","meta":{"footnotes":""},"class_list":["post-10532","page","type-page","status-publish","has-post-thumbnail","hentry"],"_links":{"self":[{"href":"https:\/\/chiccodoro.com\/de\/wp-json\/wp\/v2\/pages\/10532","targetHints":{"allow":["GET"]}}],"collection":[{"href":"https:\/\/chiccodoro.com\/de\/wp-json\/wp\/v2\/pages"}],"about":[{"href":"https:\/\/chiccodoro.com\/de\/wp-json\/wp\/v2\/types\/page"}],"author":[{"embeddable":true,"href":"https:\/\/chiccodoro.com\/de\/wp-json\/wp\/v2\/users\/6"}],"replies":[{"embeddable":true,"href":"https:\/\/chiccodoro.com\/de\/wp-json\/wp\/v2\/comments?post=10532"}],"version-history":[{"count":0,"href":"https:\/\/chiccodoro.com\/de\/wp-json\/wp\/v2\/pages\/10532\/revisions"}],"wp:featuredmedia":[{"embeddable":true,"href":"https:\/\/chiccodoro.com\/de\/wp-json\/wp\/v2\/media\/13433"}],"wp:attachment":[{"href":"https:\/\/chiccodoro.com\/de\/wp-json\/wp\/v2\/media?parent=10532"}],"curies":[{"name":"wp","href":"https:\/\/api.w.org\/{rel}","templated":true}]}}