{"id":10474,"date":"2023-07-11T14:03:43","date_gmt":"2023-07-11T12:03:43","guid":{"rendered":"https:\/\/chiccodoro.com\/kaffeautomat\/"},"modified":"2025-03-10T17:10:53","modified_gmt":"2025-03-10T16:10:53","slug":"kaffeautomat","status":"publish","type":"page","link":"https:\/\/chiccodoro.com\/de\/kaffeautomat\/","title":{"rendered":"Kaffeautomat"},"content":{"rendered":"\t\t<div data-elementor-type=\"wp-page\" data-elementor-id=\"10474\" class=\"elementor elementor-10474 elementor-3084\" data-elementor-post-type=\"page\">\n\t\t\t\t<div class=\"elementor-element elementor-element-64c5fd5 e-flex e-con-boxed e-con e-parent\" data-id=\"64c5fd5\" data-element_type=\"container\" data-e-type=\"container\" data-settings=\"{&quot;background_background&quot;:&quot;classic&quot;,&quot;shape_divider_bottom&quot;:&quot;waves&quot;}\">\n\t\t\t\t\t<div class=\"e-con-inner\">\n\t\t\t\t<div class=\"elementor-shape elementor-shape-bottom\" aria-hidden=\"true\" data-negative=\"false\">\n\t\t\t<svg xmlns=\"http:\/\/www.w3.org\/2000\/svg\" viewBox=\"0 0 1000 100\" preserveAspectRatio=\"none\">\n\t<path class=\"elementor-shape-fill\" d=\"M421.9,6.5c22.6-2.5,51.5,0.4,75.5,5.3c23.6,4.9,70.9,23.5,100.5,35.7c75.8,32.2,133.7,44.5,192.6,49.7\n\tc23.6,2.1,48.7,3.5,103.4-2.5c54.7-6,106.2-25.6,106.2-25.6V0H0v30.3c0,0,72,32.6,158.4,30.5c39.2-0.7,92.8-6.7,134-22.4\n\tc21.2-8.1,52.2-18.2,79.7-24.2C399.3,7.9,411.6,7.5,421.9,6.5z\"\/>\n<\/svg>\t\t<\/div>\n\t\t<div class=\"elementor-element elementor-element-0f0dafa e-con-full e-flex e-con e-child\" data-id=\"0f0dafa\" data-element_type=\"container\" data-e-type=\"container\">\n\t\t\t\t<div class=\"elementor-element elementor-element-673c581 elementor-widget elementor-widget-heading\" data-id=\"673c581\" data-element_type=\"widget\" data-e-type=\"widget\" data-widget_type=\"heading.default\">\n\t\t\t\t\t<h2 class=\"elementor-heading-title elementor-size-default\">Kaffeautomat<\/h2>\t\t\t\t<\/div>\n\t\t\t\t<div class=\"elementor-element elementor-element-14a3f6f elementor-widget elementor-widget-heading\" data-id=\"14a3f6f\" data-element_type=\"widget\" data-e-type=\"widget\" data-widget_type=\"heading.default\">\n\t\t\t\t\t<h2 class=\"elementor-heading-title elementor-size-default\">Unser Netzwerk an Partnerschaften im Vending-Bereich<\/h2>\t\t\t\t<\/div>\n\t\t\t\t<\/div>\n\t\t\t\t\t<\/div>\n\t\t\t\t<\/div>\n\t\t<div class=\"elementor-element elementor-element-fec1a5c e-flex e-con-boxed e-con e-parent\" data-id=\"fec1a5c\" data-element_type=\"container\" data-e-type=\"container\" data-settings=\"{&quot;background_background&quot;:&quot;gradient&quot;}\">\n\t\t\t\t\t<div class=\"e-con-inner\">\n\t\t\t\t<div class=\"elementor-element elementor-element-73f3569 elementor-widget elementor-widget-heading\" data-id=\"73f3569\" data-element_type=\"widget\" data-e-type=\"widget\" data-widget_type=\"heading.default\">\n\t\t\t\t\t<h2 class=\"elementor-heading-title elementor-size-default\">Bringen Sie das Gold in Ihren Raum<\/h2>\t\t\t\t<\/div>\n\t\t\t\t<div class=\"elementor-element elementor-element-95c1a24 elementor-widget__width-initial elementor-widget elementor-widget-text-editor\" data-id=\"95c1a24\" data-element_type=\"widget\" data-e-type=\"widget\" data-widget_type=\"text-editor.default\">\n\t\t\t\t\t\t\t\t\t<p>Wir haben die Ehre und das Privileg, mit einer Vielzahl von Unternehmen auf nationaler und lokaler Ebene im Vending-Bereich zusammenzuarbeiten. Diese Partnerschaften erm\u00f6glichen es uns, sicherzustellen, dass die Qualit\u00e4t unserer Produkte jeden Winkel des Landes erreicht.<\/p>\n<p>Wenn Sie daran interessiert sind, wie Sie unsere Produkte \u00fcber diese gro\u00dfartigen Partnerschaften konsumieren k\u00f6nnen, laden wir Sie ein, direkt Kontakt mit Ihrem vertrauensw\u00fcrdigen Anbieter aufzunehmen.<\/p>\n<p>Sie werden gerne alle Bedingungen und Details mit Ihnen teilen, um unsere Produkte direkt in Ihren Raum durch ihre Zusammenarbeit mit uns zu bringen.<\/p>\n\t\t\t\t\t\t\t\t<\/div>\n\t\t\t\t<div class=\"elementor-element elementor-element-090e9da elementor-widget elementor-widget-button\" data-id=\"090e9da\" data-element_type=\"widget\" data-e-type=\"widget\" data-widget_type=\"button.default\">\n\t\t\t\t\t\t\t\t\t\t<a class=\"elementor-button elementor-button-link elementor-size-sm\" href=\"https:\/\/chiccodoro.com\/de\/kontakte\/\">\n\t\t\t\t\t\t<span class=\"elementor-button-content-wrapper\">\n\t\t\t\t\t\t\t\t\t<span class=\"elementor-button-text\">Kontakte<\/span>\n\t\t\t\t\t<\/span>\n\t\t\t\t\t<\/a>\n\t\t\t\t\t\t\t\t<\/div>\n\t\t\t\t\t<\/div>\n\t\t\t\t<\/div>\n\t\t\t\t<\/div>\n\t\t","protected":false},"excerpt":{"rendered":"<p>Kaffeautomat Unser Netzwerk an Partnerschaften im Vending-Bereich Bringen Sie das Gold in Ihren Raum Wir haben die Ehre und das Privileg, mit einer Vielzahl von Unternehmen auf nationaler und lokaler Ebene im Vending-Bereich zusammenzuarbeiten. Diese Partnerschaften erm\u00f6glichen es uns, sicherzustellen, dass die Qualit\u00e4t unserer Produkte jeden Winkel des Landes erreicht. Wenn Sie daran interessiert sind, [&hellip;]<\/p>\n","protected":false},"author":2,"featured_media":10484,"parent":0,"menu_order":65,"comment_status":"closed","ping_status":"closed","template":"","meta":{"footnotes":""},"class_list":["post-10474","page","type-page","status-publish","has-post-thumbnail","hentry"],"_links":{"self":[{"href":"https:\/\/chiccodoro.com\/de\/wp-json\/wp\/v2\/pages\/10474","targetHints":{"allow":["GET"]}}],"collection":[{"href":"https:\/\/chiccodoro.com\/de\/wp-json\/wp\/v2\/pages"}],"about":[{"href":"https:\/\/chiccodoro.com\/de\/wp-json\/wp\/v2\/types\/page"}],"author":[{"embeddable":true,"href":"https:\/\/chiccodoro.com\/de\/wp-json\/wp\/v2\/users\/2"}],"replies":[{"embeddable":true,"href":"https:\/\/chiccodoro.com\/de\/wp-json\/wp\/v2\/comments?post=10474"}],"version-history":[{"count":0,"href":"https:\/\/chiccodoro.com\/de\/wp-json\/wp\/v2\/pages\/10474\/revisions"}],"wp:featuredmedia":[{"embeddable":true,"href":"https:\/\/chiccodoro.com\/de\/wp-json\/wp\/v2\/media\/10484"}],"wp:attachment":[{"href":"https:\/\/chiccodoro.com\/de\/wp-json\/wp\/v2\/media?parent=10474"}],"curies":[{"name":"wp","href":"https:\/\/api.w.org\/{rel}","templated":true}]}}