{"id":10400,"date":"2024-07-19T10:26:57","date_gmt":"2024-07-19T08:26:57","guid":{"rendered":"https:\/\/chiccodoro.com\/latino\/"},"modified":"2025-03-10T15:55:54","modified_gmt":"2025-03-10T14:55:54","slug":"latino","status":"publish","type":"page","link":"https:\/\/chiccodoro.com\/de\/latino\/","title":{"rendered":"Latino"},"content":{"rendered":"\t\t<div data-elementor-type=\"wp-page\" data-elementor-id=\"10400\" class=\"elementor elementor-10400 elementor-5819\" data-elementor-post-type=\"page\">\n\t\t\t\t<div class=\"elementor-element elementor-element-2f49bf5 e-flex e-con-boxed e-con e-parent\" data-id=\"2f49bf5\" data-element_type=\"container\" data-e-type=\"container\" data-settings=\"{&quot;background_background&quot;:&quot;classic&quot;}\">\n\t\t\t\t\t<div class=\"e-con-inner\">\n\t\t<div class=\"elementor-element elementor-element-dc60f2e e-con-full e-flex e-con e-child\" data-id=\"dc60f2e\" data-element_type=\"container\" data-e-type=\"container\">\n\t\t\t\t<div class=\"elementor-element elementor-element-98ae74d elementor-widget elementor-widget-heading\" data-id=\"98ae74d\" data-element_type=\"widget\" data-e-type=\"widget\" data-widget_type=\"heading.default\">\n\t\t\t\t\t<h2 class=\"elementor-heading-title elementor-size-default\">Latino<\/h2>\t\t\t\t<\/div>\n\t\t\t\t<div class=\"elementor-element elementor-element-dd27913 elementor-widget elementor-widget-heading\" data-id=\"dd27913\" data-element_type=\"widget\" data-e-type=\"widget\" data-widget_type=\"heading.default\">\n\t\t\t\t\t<h2 class=\"elementor-heading-title elementor-size-default\"><span style=\"font-size: 38.4px\">Eine sensorische Reise in die Hochl\u00e4nder Lateinamerikas<\/span><\/h2>\t\t\t\t<\/div>\n\t\t\t\t<\/div>\n\t\t\t\t\t<\/div>\n\t\t\t\t<\/div>\n\t\t<div class=\"elementor-element elementor-element-e353f69 e-flex e-con-boxed e-con e-parent\" data-id=\"e353f69\" data-element_type=\"container\" data-e-type=\"container\" data-settings=\"{&quot;background_background&quot;:&quot;classic&quot;}\">\n\t\t\t\t\t<div class=\"e-con-inner\">\n\t\t<div class=\"elementor-element elementor-element-e2b58cd e-con-full e-flex e-con e-child\" data-id=\"e2b58cd\" data-element_type=\"container\" data-e-type=\"container\">\n\t\t\t\t<div class=\"elementor-element elementor-element-2ce1daf elementor-widget elementor-widget-heading\" data-id=\"2ce1daf\" data-element_type=\"widget\" data-e-type=\"widget\" data-widget_type=\"heading.default\">\n\t\t\t\t\t<h2 class=\"elementor-heading-title elementor-size-default\">Kaffee Latino, der Kaffee, der zur Musik wird!<\/h2>\t\t\t\t<\/div>\n\t\t\t\t<div class=\"elementor-element elementor-element-e034957 elementor-widget elementor-widget-text-editor\" data-id=\"e034957\" data-element_type=\"widget\" data-e-type=\"widget\" data-widget_type=\"text-editor.default\">\n\t\t\t\t\t\t\t\t\t<p>Stellen Sie sich vor, Sie wachen auf und das verf\u00fchrerische Aroma der Anden erf\u00fcllt Ihr Zuhause. Caff\u00e8 Latino ist mehr als nur eine Tasse Kaffee: Es ist ein Erlebnis, das Sie direkt auf die Hochebenen Lateinamerikas versetzt. <\/p>\n<p>Diese au\u00dfergew\u00f6hnliche Komposition entsteht aus der sorgf\u00e4ltigen Auswahl der besten Arabica-Bohnen, die mit Hingabe in den Bergregionen Mittel- und S\u00fcdamerikas angebaut werden. Jeder Schluck erz\u00e4hlt eine Geschichte von Tradition, Leidenschaft und einem einzigartigen Terroir. <\/p>\n<p>Unsere Mischung vereint meisterhaft nat\u00fcrliche und gewaschene Kaffees und schafft so ein perfektes Gleichgewicht zwischen:<\/p>\n\t\t\t\t\t\t\t\t<\/div>\n\t\t\t\t<div class=\"elementor-element elementor-element-5e65867 elementor-icon-list--layout-traditional elementor-list-item-link-full_width elementor-widget elementor-widget-icon-list\" data-id=\"5e65867\" data-element_type=\"widget\" data-e-type=\"widget\" data-widget_type=\"icon-list.default\">\n\t\t\t\t\t\t\t<ul class=\"elementor-icon-list-items\">\n\t\t\t\t\t\t\t<li class=\"elementor-icon-list-item\">\n\t\t\t\t\t\t\t\t\t\t\t<span class=\"elementor-icon-list-icon\">\n\t\t\t\t\t\t\t<i aria-hidden=\"true\" class=\"fas fa-circle\"><\/i>\t\t\t\t\t\t<\/span>\n\t\t\t\t\t\t\t\t\t\t<span class=\"elementor-icon-list-text\">Ein reiches und komplexes Aroma, das die Sinne belebt;<\/span>\n\t\t\t\t\t\t\t\t\t<\/li>\n\t\t\t\t\t\t\t\t<li class=\"elementor-icon-list-item\">\n\t\t\t\t\t\t\t\t\t\t\t<span class=\"elementor-icon-list-icon\">\n\t\t\t\t\t\t\t<i aria-hidden=\"true\" class=\"fas fa-circle\"><\/i>\t\t\t\t\t\t<\/span>\n\t\t\t\t\t\t\t\t\t\t<span class=\"elementor-icon-list-text\">Ein kr\u00e4ftiger Geschmack, der Noten von dunkler Schokolade und Trockenfr\u00fcchten entfaltet;<\/span>\n\t\t\t\t\t\t\t\t\t<\/li>\n\t\t\t\t\t\t\t\t<li class=\"elementor-icon-list-item\">\n\t\t\t\t\t\t\t\t\t\t\t<span class=\"elementor-icon-list-icon\">\n\t\t\t\t\t\t\t<i aria-hidden=\"true\" class=\"fas fa-circle\"><\/i>\t\t\t\t\t\t<\/span>\n\t\t\t\t\t\t\t\t\t\t<span class=\"elementor-icon-list-text\">Ein runder K\u00f6rper, der den Gaumen umschmeichelt und ein samtiges Gef\u00fchl hinterl\u00e4sst.<\/span>\n\t\t\t\t\t\t\t\t\t<\/li>\n\t\t\t\t\t\t<\/ul>\n\t\t\t\t\t\t<\/div>\n\t\t\t\t<div class=\"elementor-element elementor-element-a12a959 elementor-widget elementor-widget-button\" data-id=\"a12a959\" data-element_type=\"widget\" data-e-type=\"widget\" data-widget_type=\"button.default\">\n\t\t\t\t\t\t\t\t\t\t<a class=\"elementor-button elementor-button-link elementor-size-sm\" href=\"https:\/\/shop.chiccodoro.com\/it-ch\/latino-500g-110747\" target=\"_blank\">\n\t\t\t\t\t\t<span class=\"elementor-button-content-wrapper\">\n\t\t\t\t\t\t\t\t\t<span class=\"elementor-button-text\">Kaufen Sie Kaffee Latino online<\/span>\n\t\t\t\t\t<\/span>\n\t\t\t\t\t<\/a>\n\t\t\t\t\t\t\t\t<\/div>\n\t\t\t\t<\/div>\n\t\t<div class=\"elementor-element elementor-element-d843be5 e-con-full e-flex e-con e-child\" data-id=\"d843be5\" data-element_type=\"container\" data-e-type=\"container\" data-settings=\"{&quot;background_background&quot;:&quot;classic&quot;}\">\n\t\t\t\t<div class=\"elementor-element elementor-element-f3a8850 elementor-widget elementor-widget-image\" data-id=\"f3a8850\" data-element_type=\"widget\" data-e-type=\"widget\" data-widget_type=\"image.default\">\n\t\t\t\t\t\t\t\t\t\t\t\t\t\t\t<img fetchpriority=\"high\" decoding=\"async\" width=\"681\" height=\"1024\" src=\"https:\/\/chiccodoro.com\/wp-content\/uploads\/2023\/04\/chicco-d-oro-caffe-latino-681x1024.webp\" class=\"elementor-animation-buzz-out attachment-large size-large wp-image-1631\" alt=\"\" srcset=\"https:\/\/chiccodoro.com\/wp-content\/uploads\/2023\/04\/chicco-d-oro-caffe-latino-681x1024.webp 681w, https:\/\/chiccodoro.com\/wp-content\/uploads\/2023\/04\/chicco-d-oro-caffe-latino-200x300.webp 200w, https:\/\/chiccodoro.com\/wp-content\/uploads\/2023\/04\/chicco-d-oro-caffe-latino-768x1154.webp 768w, https:\/\/chiccodoro.com\/wp-content\/uploads\/2023\/04\/chicco-d-oro-caffe-latino-1022x1536.webp 1022w, https:\/\/chiccodoro.com\/wp-content\/uploads\/2023\/04\/chicco-d-oro-caffe-latino.webp 1227w\" sizes=\"(max-width: 681px) 100vw, 681px\" \/>\t\t\t\t\t\t\t\t\t\t\t\t\t\t\t<\/div>\n\t\t\t\t<\/div>\n\t\t<div class=\"elementor-element elementor-element-fa3d3a5 e-con-full e-flex e-con e-child\" data-id=\"fa3d3a5\" data-element_type=\"container\" data-e-type=\"container\" data-settings=\"{&quot;background_background&quot;:&quot;classic&quot;,&quot;motion_fx_motion_fx_scrolling&quot;:&quot;yes&quot;,&quot;motion_fx_devices&quot;:[&quot;desktop&quot;,&quot;laptop&quot;,&quot;tablet_extra&quot;,&quot;tablet&quot;,&quot;mobile&quot;]}\">\n\t\t<div class=\"elementor-element elementor-element-7d2c2fe e-con-full e-flex elementor-invisible e-con e-child\" data-id=\"7d2c2fe\" data-element_type=\"container\" data-e-type=\"container\" data-settings=\"{&quot;background_background&quot;:&quot;classic&quot;,&quot;motion_fx_motion_fx_mouse&quot;:&quot;yes&quot;,&quot;motion_fx_tilt_effect&quot;:&quot;yes&quot;,&quot;animation&quot;:&quot;fadeIn&quot;,&quot;motion_fx_tilt_speed&quot;:{&quot;unit&quot;:&quot;px&quot;,&quot;size&quot;:4,&quot;sizes&quot;:[]}}\">\n\t\t\t\t<div class=\"elementor-element elementor-element-c126fd7 elementor-widget elementor-widget-heading\" data-id=\"c126fd7\" data-element_type=\"widget\" data-e-type=\"widget\" data-widget_type=\"heading.default\">\n\t\t\t\t\t<h2 class=\"elementor-heading-title elementor-size-default\">\u00a1Bienvenidos a Ticino!<\/h2>\t\t\t\t<\/div>\n\t\t\t\t<div class=\"elementor-element elementor-element-e5f09c4 elementor-widget elementor-widget-text-editor\" data-id=\"e5f09c4\" data-element_type=\"widget\" data-e-type=\"widget\" data-widget_type=\"text-editor.default\">\n\t\t\t\t\t\t\t\t\t<p>Sabor, aroma y Caf\u00e9 Latino!<\/p>\n\t\t\t\t\t\t\t\t<\/div>\n\t\t\t\t<div class=\"elementor-element elementor-element-de80493 elementor-widget elementor-widget-text-editor\" data-id=\"de80493\" data-element_type=\"widget\" data-e-type=\"widget\" data-widget_type=\"text-editor.default\">\n\t\t\t\t\t\t\t\t\t<p>Entdecken Sie das einzigartige Zusammentreffen zwischen Schweizer Tradition und den lebhaften Aromen Lateinamerikas. Bringen Sie die Essenz der Anden-Hochebenen ins Herz des Tessins und genie\u00dfen Sie ein Geschmackserlebnis, das zwei Welten in jeder Tasse vereint. Lassen Sie sich von dieser Fusion der Kulturen erobern, in der Schweizer Pr\u00e4zision auf lateinamerikanische Leidenschaft trifft.  <\/p>\n\t\t\t\t\t\t\t\t<\/div>\n\t\t\t\t<\/div>\n\t\t\t\t<\/div>\n\t\t\t\t\t<\/div>\n\t\t\t\t<\/div>\n\t\t\t\t<\/div>\n\t\t","protected":false},"excerpt":{"rendered":"<p>Latino Eine sensorische Reise in die Hochl\u00e4nder Lateinamerikas Kaffee Latino, der Kaffee, der zur Musik wird! Stellen Sie sich vor, Sie wachen auf und das verf\u00fchrerische Aroma der Anden erf\u00fcllt Ihr Zuhause. Caff\u00e8 Latino ist mehr als nur eine Tasse Kaffee: Es ist ein Erlebnis, das Sie direkt auf die Hochebenen Lateinamerikas versetzt. Diese au\u00dfergew\u00f6hnliche [&hellip;]<\/p>\n","protected":false},"author":2,"featured_media":10403,"parent":0,"menu_order":45,"comment_status":"closed","ping_status":"closed","template":"","meta":{"footnotes":""},"class_list":["post-10400","page","type-page","status-publish","has-post-thumbnail","hentry"],"_links":{"self":[{"href":"https:\/\/chiccodoro.com\/de\/wp-json\/wp\/v2\/pages\/10400","targetHints":{"allow":["GET"]}}],"collection":[{"href":"https:\/\/chiccodoro.com\/de\/wp-json\/wp\/v2\/pages"}],"about":[{"href":"https:\/\/chiccodoro.com\/de\/wp-json\/wp\/v2\/types\/page"}],"author":[{"embeddable":true,"href":"https:\/\/chiccodoro.com\/de\/wp-json\/wp\/v2\/users\/2"}],"replies":[{"embeddable":true,"href":"https:\/\/chiccodoro.com\/de\/wp-json\/wp\/v2\/comments?post=10400"}],"version-history":[{"count":0,"href":"https:\/\/chiccodoro.com\/de\/wp-json\/wp\/v2\/pages\/10400\/revisions"}],"wp:featuredmedia":[{"embeddable":true,"href":"https:\/\/chiccodoro.com\/de\/wp-json\/wp\/v2\/media\/10403"}],"wp:attachment":[{"href":"https:\/\/chiccodoro.com\/de\/wp-json\/wp\/v2\/media?parent=10400"}],"curies":[{"name":"wp","href":"https:\/\/api.w.org\/{rel}","templated":true}]}}