{"id":10371,"date":"2023-07-28T11:03:58","date_gmt":"2023-07-28T09:03:58","guid":{"rendered":"https:\/\/chiccodoro.com\/nachhaltigkeit\/"},"modified":"2025-03-10T12:49:19","modified_gmt":"2025-03-10T11:49:19","slug":"nachhaltigkeit","status":"publish","type":"page","link":"https:\/\/chiccodoro.com\/de\/nachhaltigkeit\/","title":{"rendered":"Nachhaltigkeit"},"content":{"rendered":"\t\t<div data-elementor-type=\"wp-page\" data-elementor-id=\"10371\" class=\"elementor elementor-10371 elementor-3325\" data-elementor-post-type=\"page\">\n\t\t\t\t<div class=\"elementor-element elementor-element-d3a1cb2 e-flex e-con-boxed e-con e-parent\" data-id=\"d3a1cb2\" data-element_type=\"container\" data-e-type=\"container\" data-settings=\"{&quot;background_background&quot;:&quot;classic&quot;,&quot;shape_divider_bottom&quot;:&quot;waves&quot;}\">\n\t\t\t\t\t<div class=\"e-con-inner\">\n\t\t\t\t<div class=\"elementor-shape elementor-shape-bottom\" aria-hidden=\"true\" data-negative=\"false\">\n\t\t\t<svg xmlns=\"http:\/\/www.w3.org\/2000\/svg\" viewBox=\"0 0 1000 100\" preserveAspectRatio=\"none\">\n\t<path class=\"elementor-shape-fill\" d=\"M421.9,6.5c22.6-2.5,51.5,0.4,75.5,5.3c23.6,4.9,70.9,23.5,100.5,35.7c75.8,32.2,133.7,44.5,192.6,49.7\n\tc23.6,2.1,48.7,3.5,103.4-2.5c54.7-6,106.2-25.6,106.2-25.6V0H0v30.3c0,0,72,32.6,158.4,30.5c39.2-0.7,92.8-6.7,134-22.4\n\tc21.2-8.1,52.2-18.2,79.7-24.2C399.3,7.9,411.6,7.5,421.9,6.5z\"\/>\n<\/svg>\t\t<\/div>\n\t\t<div class=\"elementor-element elementor-element-bc93f4e e-con-full e-flex e-con e-child\" data-id=\"bc93f4e\" data-element_type=\"container\" data-e-type=\"container\">\n\t\t\t\t<div class=\"elementor-element elementor-element-543a6c7 elementor-widget elementor-widget-heading\" data-id=\"543a6c7\" data-element_type=\"widget\" data-e-type=\"widget\" data-widget_type=\"heading.default\">\n\t\t\t\t\t<h2 class=\"elementor-heading-title elementor-size-default\">Nachhaltigkeit<\/h2>\t\t\t\t<\/div>\n\t\t\t\t<div class=\"elementor-element elementor-element-c1f6cc5 elementor-widget elementor-widget-heading\" data-id=\"c1f6cc5\" data-element_type=\"widget\" data-e-type=\"widget\" data-widget_type=\"heading.default\">\n\t\t\t\t\t<h2 class=\"elementor-heading-title elementor-size-default\">Wir kultivieren die Zukunft, eine Bohne nach der anderen<\/h2>\t\t\t\t<\/div>\n\t\t\t\t<div class=\"elementor-element elementor-element-3bf74b5 elementor-widget elementor-widget-heading\" data-id=\"3bf74b5\" data-element_type=\"widget\" data-e-type=\"widget\" data-widget_type=\"heading.default\">\n\t\t\t\t\t<h2 class=\"elementor-heading-title elementor-size-default\"><span style=\"font-size: 19.2px\">Unsere Liebe zum Kaffee und unser Engagement f\u00fcr Nachhaltigkeit verschmelzen in jedem Kaffeebohne. Wir arbeiten mit Leidenschaft f\u00fcr eine gr\u00fcnere Zukunft, garantieren die Qualit\u00e4t, die uns auszeichnet, und respektieren unseren Planeten. Unser Kaffee ist nicht nur ein Genuss f\u00fcr den Gaumen, sondern auch eine Geste der Liebe zur Umwelt.  <\/span><\/h2>\t\t\t\t<\/div>\n\t\t\t\t<\/div>\n\t\t\t\t\t<\/div>\n\t\t\t\t<\/div>\n\t\t<div class=\"elementor-element elementor-element-aa9f3b0 e-flex e-con-boxed e-con e-parent\" data-id=\"aa9f3b0\" data-element_type=\"container\" data-e-type=\"container\" data-settings=\"{&quot;background_background&quot;:&quot;classic&quot;}\">\n\t\t\t\t\t<div class=\"e-con-inner\">\n\t\t<div class=\"elementor-element elementor-element-6745519 e-flex e-con-boxed e-con e-child\" data-id=\"6745519\" data-element_type=\"container\" data-e-type=\"container\">\n\t\t\t\t\t<div class=\"e-con-inner\">\n\t\t\t\t<div class=\"elementor-element elementor-element-4aee44a elementor-widget-tablet__width-initial elementor-widget elementor-widget-image\" data-id=\"4aee44a\" data-element_type=\"widget\" data-e-type=\"widget\" data-widget_type=\"image.default\">\n\t\t\t\t\t\t\t\t\t\t\t\t\t\t\t<img fetchpriority=\"high\" decoding=\"async\" width=\"800\" height=\"750\" src=\"https:\/\/chiccodoro.com\/wp-content\/uploads\/2024\/02\/chicco-sust-square.jpg\" class=\"attachment-large size-large wp-image-10376\" alt=\"\" srcset=\"https:\/\/chiccodoro.com\/wp-content\/uploads\/2024\/02\/chicco-sust-square.jpg 853w, https:\/\/chiccodoro.com\/wp-content\/uploads\/2024\/02\/chicco-sust-square-300x281.jpg 300w, https:\/\/chiccodoro.com\/wp-content\/uploads\/2024\/02\/chicco-sust-square-768x720.jpg 768w\" sizes=\"(max-width: 800px) 100vw, 800px\" \/>\t\t\t\t\t\t\t\t\t\t\t\t\t\t\t<\/div>\n\t\t\t\t<div class=\"elementor-element elementor-element-c7eb28a elementor-widget elementor-widget-heading\" data-id=\"c7eb28a\" data-element_type=\"widget\" data-e-type=\"widget\" data-widget_type=\"heading.default\">\n\t\t\t\t\t<h2 class=\"elementor-heading-title elementor-size-default\">Unternehmensphilosophie und soziale Verantwortung<\/h2>\t\t\t\t<\/div>\n\t\t\t\t<div class=\"elementor-element elementor-element-272fd74 elementor-widget elementor-widget-text-editor\" data-id=\"272fd74\" data-element_type=\"widget\" data-e-type=\"widget\" data-widget_type=\"text-editor.default\">\n\t\t\t\t\t\t\t\t\t<p>Soziale Verantwortung ist ein wesentlicher Bestandteil von Caff\u00e8 Chicco d&#8217;Oro und seiner <b>Betriebsphilosophie<\/b>. <\/p>\n<p>Es liegt in der DNA des Unternehmens, seine <b>Verantwortung<\/b> nicht nur f\u00fcr die hergestellten Produkte zu verstehen und anzuerkennen, sondern auch f\u00fcr die <b>Gemeinschaft<\/b>, in der es t\u00e4tig ist. <\/p>\n<p>Dieses soziale Engagement ist keine Ausnahme oder gelegentliche Erg\u00e4nzung, sondern vielmehr <b>ein integraler Bestandteil<\/b> der normalen Arbeitsweise des Unternehmens.<\/p>\n\t\t\t\t\t\t\t\t<\/div>\n\t\t\t\t\t<\/div>\n\t\t\t\t<\/div>\n\t\t<div class=\"elementor-element elementor-element-09f3825 e-flex e-con-boxed e-con e-child\" data-id=\"09f3825\" data-element_type=\"container\" data-e-type=\"container\">\n\t\t\t\t\t<div class=\"e-con-inner\">\n\t\t\t\t<div class=\"elementor-element elementor-element-5b22dbf elementor-widget elementor-widget-image\" data-id=\"5b22dbf\" data-element_type=\"widget\" data-e-type=\"widget\" data-widget_type=\"image.default\">\n\t\t\t\t\t\t\t\t\t\t\t\t\t\t\t<img decoding=\"async\" width=\"800\" height=\"800\" src=\"https:\/\/chiccodoro.com\/wp-content\/uploads\/2024\/02\/sost-local-1024x1024.webp\" class=\"attachment-large size-large wp-image-10378\" alt=\"\" srcset=\"https:\/\/chiccodoro.com\/wp-content\/uploads\/2024\/02\/sost-local-1024x1024.webp 1024w, https:\/\/chiccodoro.com\/wp-content\/uploads\/2024\/02\/sost-local-300x300.webp 300w, https:\/\/chiccodoro.com\/wp-content\/uploads\/2024\/02\/sost-local-150x150.webp 150w, https:\/\/chiccodoro.com\/wp-content\/uploads\/2024\/02\/sost-local-768x768.webp 768w, https:\/\/chiccodoro.com\/wp-content\/uploads\/2024\/02\/sost-local.webp 1200w\" sizes=\"(max-width: 800px) 100vw, 800px\" \/>\t\t\t\t\t\t\t\t\t\t\t\t\t\t\t<\/div>\n\t\t\t\t<div class=\"elementor-element elementor-element-e1f3324 elementor-widget elementor-widget-heading\" data-id=\"e1f3324\" data-element_type=\"widget\" data-e-type=\"widget\" data-widget_type=\"heading.default\">\n\t\t\t\t\t<h2 class=\"elementor-heading-title elementor-size-default\">Kontinuierliches Engagement und Integration<\/h2>\t\t\t\t<\/div>\n\t\t\t\t<div class=\"elementor-element elementor-element-82e8d1a elementor-widget elementor-widget-text-editor\" data-id=\"82e8d1a\" data-element_type=\"widget\" data-e-type=\"widget\" data-widget_type=\"text-editor.default\">\n\t\t\t\t\t\t\t\t\t<p>In den letzten Jahren hat die \u00d6ffentlichkeit ein Bewusstsein entwickelt und einen <b>bedeutenden Schwerpunkt auf Nachhaltigkeit gelegt<\/b>, sowohl in Bezug auf die angebotenen Produkte als auch auf die Umweltauswirkungen von Unternehmen. <\/p>\n<p>Caff\u00e8 Chicco d&#8217;Oro <b>engagiert sich aktiv in kontinuierlichen Verbesserungsprojekten<\/b> mit besonderem Fokus auf Energieeinsparung und neue Materialien. Dieses Engagement zeigt sich durch konkrete Initiativen und kontinuierliche Verbesserung sowie die F\u00f6rderung ethischer Arbeitspraktiken und die Unterst\u00fctzung <b>lokaler Wohlt\u00e4tigkeits- und Gemeinschaftsentwicklungsprojekte<\/b>. <\/p>\n<p>Das Verst\u00e4ndnis und die <b>Bew\u00e4ltigung klimabezogener Herausforderungen<\/b> ist zu einer Priorit\u00e4t geworden, und das Unternehmen setzt sich daf\u00fcr ein, seinen \u00f6kologischen Fu\u00dfabdruck zu reduzieren. Dieses Engagement spiegelt nicht nur die Sensibilit\u00e4t des Unternehmens f\u00fcr Umweltfragen wider, sondern auch das <b>Bewusstsein f\u00fcr die Region<\/b>, in der es pr\u00e4sent ist, und die Unterst\u00fctzung der Gemeinschaft. <\/p>\n\t\t\t\t\t\t\t\t<\/div>\n\t\t\t\t\t<\/div>\n\t\t\t\t<\/div>\n\t\t<div class=\"elementor-element elementor-element-cf18639 e-flex e-con-boxed e-con e-child\" data-id=\"cf18639\" data-element_type=\"container\" data-e-type=\"container\">\n\t\t\t\t\t<div class=\"e-con-inner\">\n\t\t\t\t<div class=\"elementor-element elementor-element-2a9d86a elementor-widget elementor-widget-image\" data-id=\"2a9d86a\" data-element_type=\"widget\" data-e-type=\"widget\" data-widget_type=\"image.default\">\n\t\t\t\t\t\t\t\t\t\t\t\t\t\t\t<img decoding=\"async\" width=\"600\" height=\"600\" src=\"https:\/\/chiccodoro.com\/wp-content\/uploads\/2024\/02\/sost-cc-supsi.png\" class=\"attachment-large size-large wp-image-10377\" alt=\"\" srcset=\"https:\/\/chiccodoro.com\/wp-content\/uploads\/2024\/02\/sost-cc-supsi.png 600w, https:\/\/chiccodoro.com\/wp-content\/uploads\/2024\/02\/sost-cc-supsi-300x300.png 300w, https:\/\/chiccodoro.com\/wp-content\/uploads\/2024\/02\/sost-cc-supsi-150x150.png 150w\" sizes=\"(max-width: 600px) 100vw, 600px\" \/>\t\t\t\t\t\t\t\t\t\t\t\t\t\t\t<\/div>\n\t\t\t\t<div class=\"elementor-element elementor-element-b2d81d2 elementor-widget elementor-widget-heading\" data-id=\"b2d81d2\" data-element_type=\"widget\" data-e-type=\"widget\" data-widget_type=\"heading.default\">\n\t\t\t\t\t<h2 class=\"elementor-heading-title elementor-size-default\">Zusammenarbeit mit exzellenten Partnern<\/h2>\t\t\t\t<\/div>\n\t\t\t\t<div class=\"elementor-element elementor-element-f1da02d elementor-widget elementor-widget-text-editor\" data-id=\"f1da02d\" data-element_type=\"widget\" data-e-type=\"widget\" data-widget_type=\"text-editor.default\">\n\t\t\t\t\t\t\t\t\t<p>Gemeinsam mit der SUPSI (Fachhochschule der italienischen Schweiz) und der Handelskammer Tessin erstellen wir den <b>Nachhaltigkeitsbericht 2023<\/b>, ein Symbol f\u00fcr unser Engagement f\u00fcr die Einf\u00fchrung nachhaltiger Praktiken.<\/p>\n<p>Diese Initiative, die \u00fcber eine einfache Dokumentation hinausgeht, spiegelt unsere Hingabe zur Verbesserung wider. Parallel dazu widmen wir uns mit Leidenschaft einem Projekt, das uns am <b>Herzen liegt: die Bewertung der&nbsp;CO\u2082<\/b>&nbsp;Emissionen, die unser Unternehmen in einem Jahr produziert. <\/p>\n<p>Diese Arbeit steht f\u00fcr unser Engagement f\u00fcr eine nachhaltigere Zukunft,&nbsp;mit dem Ziel, <b>unseren \u00f6kologischen Fu\u00dfabdruck<\/b> zu reduzieren.<\/p>\t\t\t\t\t\t\t\t<\/div>\n\t\t\t\t<div class=\"elementor-element elementor-element-25f6812 elementor-widget elementor-widget-button\" data-id=\"25f6812\" data-element_type=\"widget\" data-e-type=\"widget\" data-widget_type=\"button.default\">\n\t\t\t\t\t\t\t\t\t\t<a class=\"elementor-button elementor-button-link elementor-size-sm\" href=\"https:\/\/chiccodoro.com\/wp-content\/uploads\/2024\/09\/Report-sostenibilita-2023-LCPubb-2679040754_Def._compressed.pdf\" target=\"_blank\">\n\t\t\t\t\t\t<span class=\"elementor-button-content-wrapper\">\n\t\t\t\t\t\t\t\t\t<span class=\"elementor-button-text\">Laden Sie den Nachhaltigkeitsbericht herunter<\/span>\n\t\t\t\t\t<\/span>\n\t\t\t\t\t<\/a>\n\t\t\t\t\t\t\t\t<\/div>\n\t\t\t\t\t<\/div>\n\t\t\t\t<\/div>\n\t\t\t\t\t<\/div>\n\t\t\t\t<\/div>\n\t\t<div class=\"elementor-element elementor-element-723e6f6 e-flex e-con-boxed e-con e-parent\" data-id=\"723e6f6\" data-element_type=\"container\" data-e-type=\"container\" data-settings=\"{&quot;background_background&quot;:&quot;classic&quot;}\">\n\t\t\t\t\t<div class=\"e-con-inner\">\n\t\t<div class=\"elementor-element elementor-element-f38ee0c e-con-full e-flex e-con e-child\" data-id=\"f38ee0c\" data-element_type=\"container\" data-e-type=\"container\" data-settings=\"{&quot;background_background&quot;:&quot;classic&quot;}\">\n\t\t\t\t<div class=\"elementor-element elementor-element-ec2016e elementor-widget elementor-widget-heading\" data-id=\"ec2016e\" data-element_type=\"widget\" data-e-type=\"widget\" data-widget_type=\"heading.default\">\n\t\t\t\t\t<h2 class=\"elementor-heading-title elementor-size-default\"><span style=\"font-size: 27.2px\">Nachhaltigkeit und Umweltbewusstsein<\/span><\/h2>\t\t\t\t<\/div>\n\t\t\t\t<div class=\"elementor-element elementor-element-2a396b4 elementor-widget elementor-widget-text-editor\" data-id=\"2a396b4\" data-element_type=\"widget\" data-e-type=\"widget\" data-widget_type=\"text-editor.default\">\n\t\t\t\t\t\t\t\t\t<p>Bei Chicco d&#8217;Oro erkennen wir die Bedeutung der \u00f6kologischen Nachhaltigkeit an. Wir arbeiten daran, unsere Praktiken zu verbessern, mit gezielten Initiativen zur Reduzierung der Umweltauswirkungen.  <\/p>\n<p>Dies umfasst Bem\u00fchungen zur Optimierung der Produktionseffizienz, zur Steigerung der Nutzung nachhaltiger Ressourcen und zur Verbesserung unserer Recyclingpraktiken. Wir sind uns bewusst, dass es noch viel zu tun gibt, deshalb verpflichten wir uns zu Transparenz hinsichtlich unserer Fortschritte und der Herausforderungen, denen wir uns stellen. <\/p>\n\t\t\t\t\t\t\t\t<\/div>\n\t\t\t\t<\/div>\n\t\t\t\t\t<\/div>\n\t\t\t\t<\/div>\n\t\t\t\t<\/div>\n\t\t","protected":false},"excerpt":{"rendered":"<p>Nachhaltigkeit Wir kultivieren die Zukunft, eine Bohne nach der anderen Unsere Liebe zum Kaffee und unser Engagement f\u00fcr Nachhaltigkeit verschmelzen in jedem Kaffeebohne. Wir arbeiten mit Leidenschaft f\u00fcr eine gr\u00fcnere Zukunft, garantieren die Qualit\u00e4t, die uns auszeichnet, und respektieren unseren Planeten. Unser Kaffee ist nicht nur ein Genuss f\u00fcr den Gaumen, sondern auch eine Geste [&hellip;]<\/p>\n","protected":false},"author":2,"featured_media":10380,"parent":0,"menu_order":13,"comment_status":"closed","ping_status":"closed","template":"","meta":{"footnotes":""},"class_list":["post-10371","page","type-page","status-publish","has-post-thumbnail","hentry"],"_links":{"self":[{"href":"https:\/\/chiccodoro.com\/de\/wp-json\/wp\/v2\/pages\/10371","targetHints":{"allow":["GET"]}}],"collection":[{"href":"https:\/\/chiccodoro.com\/de\/wp-json\/wp\/v2\/pages"}],"about":[{"href":"https:\/\/chiccodoro.com\/de\/wp-json\/wp\/v2\/types\/page"}],"author":[{"embeddable":true,"href":"https:\/\/chiccodoro.com\/de\/wp-json\/wp\/v2\/users\/2"}],"replies":[{"embeddable":true,"href":"https:\/\/chiccodoro.com\/de\/wp-json\/wp\/v2\/comments?post=10371"}],"version-history":[{"count":0,"href":"https:\/\/chiccodoro.com\/de\/wp-json\/wp\/v2\/pages\/10371\/revisions"}],"wp:featuredmedia":[{"embeddable":true,"href":"https:\/\/chiccodoro.com\/de\/wp-json\/wp\/v2\/media\/10380"}],"wp:attachment":[{"href":"https:\/\/chiccodoro.com\/de\/wp-json\/wp\/v2\/media?parent=10371"}],"curies":[{"name":"wp","href":"https:\/\/api.w.org\/{rel}","templated":true}]}}